{"id":2415,"date":"2026-03-24T14:39:51","date_gmt":"2026-03-24T14:39:51","guid":{"rendered":"https:\/\/stellacare.dk\/?page_id=2415"},"modified":"2026-03-24T14:49:27","modified_gmt":"2026-03-24T14:49:27","slug":"cookiepolitik","status":"publish","type":"page","link":"https:\/\/stellacare.dk\/en\/cookiepolitik\/","title":{"rendered":"Cookiepolitik"},"content":{"rendered":"<div data-elementor-type=\"wp-page\" data-elementor-id=\"2415\" class=\"elementor elementor-2415\" data-elementor-post-type=\"page\">\n\t\t\t\t<div class=\"elementor-element elementor-element-1fa6f0e e-flex e-con-boxed e-con e-parent\" data-id=\"1fa6f0e\" data-element_type=\"container\" data-e-type=\"container\">\n\t\t\t\t\t<div class=\"e-con-inner\">\n\t\t<div class=\"elementor-element elementor-element-8601e00 e-con-full e-flex e-con e-child\" data-id=\"8601e00\" data-element_type=\"container\" data-e-type=\"container\">\n\t\t\t\t<div class=\"elementor-element elementor-element-ce24911 elementor-widget elementor-widget-heading\" data-id=\"ce24911\" data-element_type=\"widget\" data-e-type=\"widget\" data-widget_type=\"heading.default\">\n\t\t\t\t<div class=\"elementor-widget-container\">\n\t\t\t\t\t<h1 class=\"elementor-heading-title elementor-size-default\">Cookiepolitik<\/h1>\t\t\t\t<\/div>\n\t\t\t\t<\/div>\n\t\t\t\t<div class=\"elementor-element elementor-element-a5cdf2c elementor-widget elementor-widget-text-editor\" data-id=\"a5cdf2c\" data-element_type=\"widget\" data-e-type=\"widget\" data-widget_type=\"text-editor.default\">\n\t\t\t\t<div class=\"elementor-widget-container\">\n\t\t\t\t\t\t\t\t\t<p>Her kan du l\u00e6se om, hvordan vi bruger cookies p\u00e5 vores hjemmeside for at sikre din oplevelse, forbedre funktionaliteten og beskytte dit privatliv.<\/p>\t\t\t\t\t\t\t\t<\/div>\n\t\t\t\t<\/div>\n\t\t\t\t<\/div>\n\t\t\t\t\t<\/div>\n\t\t\t\t<\/div>\n\t\t<div class=\"elementor-element elementor-element-8caf3a1 e-flex e-con-boxed e-con e-parent\" data-id=\"8caf3a1\" data-element_type=\"container\" data-e-type=\"container\">\n\t\t\t\t\t<div class=\"e-con-inner\">\n\t\t\t\t<div class=\"elementor-element elementor-element-df23808 elementor-widget elementor-widget-heading\" data-id=\"df23808\" data-element_type=\"widget\" data-e-type=\"widget\" data-widget_type=\"heading.default\">\n\t\t\t\t<div class=\"elementor-widget-container\">\n\t\t\t\t\t<h2 class=\"elementor-heading-title elementor-size-default\">Hvordan vi bruger cookies p\u00e5 denne hjemmeside<\/h2>\t\t\t\t<\/div>\n\t\t\t\t<\/div>\n\t\t\t\t<div class=\"elementor-element elementor-element-a0f008e elementor-widget elementor-widget-n-accordion\" data-id=\"a0f008e\" data-element_type=\"widget\" data-e-type=\"widget\" data-settings=\"{&quot;default_state&quot;:&quot;all_collapsed&quot;,&quot;max_items_expended&quot;:&quot;multiple&quot;,&quot;n_accordion_animation_duration&quot;:{&quot;unit&quot;:&quot;ms&quot;,&quot;size&quot;:200,&quot;sizes&quot;:[]}}\" data-widget_type=\"nested-accordion.default\">\n\t\t\t\t<div class=\"elementor-widget-container\">\n\t\t\t\t\t\t\t<div class=\"e-n-accordion\" aria-label=\"Accordion. Open links with Enter or Space, close with Escape, and navigate with Arrow Keys\">\n\t\t\t\t\t\t<details id=\"e-n-accordion-item-1680\" class=\"e-n-accordion-item\" >\n\t\t\t\t<summary class=\"e-n-accordion-item-title\" data-accordion-index=\"1\" tabindex=\"0\" aria-expanded=\"false\" aria-controls=\"e-n-accordion-item-1680\" >\n\t\t\t\t\t<span class='e-n-accordion-item-title-header'><div class=\"e-n-accordion-item-title-text\"> 1. Hvad er cookies? <\/div><\/span>\n\t\t\t\t\t\t\t<span class='e-n-accordion-item-title-icon'>\n\t\t\t<span class='e-opened' ><svg aria-hidden=\"true\" class=\"e-font-icon-svg e-fas-minus\" viewbox=\"0 0 448 512\" xmlns=\"http:\/\/www.w3.org\/2000\/svg\"><path d=\"M416 208H32c-17.67 0-32 14.33-32 32v32c0 17.67 14.33 32 32 32h384c17.67 0 32-14.33 32-32v-32c0-17.67-14.33-32-32-32z\"><\/path><\/svg><\/span>\n\t\t\t<span class='e-closed'><svg aria-hidden=\"true\" class=\"e-font-icon-svg e-fas-plus\" viewbox=\"0 0 448 512\" xmlns=\"http:\/\/www.w3.org\/2000\/svg\"><path d=\"M416 208H272V64c0-17.67-14.33-32-32-32h-32c-17.67 0-32 14.33-32 32v144H32c-17.67 0-32 14.33-32 32v32c0 17.67 14.33 32 32 32h144v144c0 17.67 14.33 32 32 32h32c17.67 0 32-14.33 32-32V304h144c17.67 0 32-14.33 32-32v-32c0-17.67-14.33-32-32-32z\"><\/path><\/svg><\/span>\n\t\t<\/span>\n\n\t\t\t\t\t\t<\/summary>\n\t\t\t\t<div role=\"region\" aria-labelledby=\"e-n-accordion-item-1680\" class=\"elementor-element elementor-element-f717538 e-con-full e-flex e-con e-child\" data-id=\"f717538\" data-element_type=\"container\" data-e-type=\"container\">\n\t\t\t\t<div class=\"elementor-element elementor-element-9754777 elementor-widget elementor-widget-text-editor\" data-id=\"9754777\" data-element_type=\"widget\" data-e-type=\"widget\" data-widget_type=\"text-editor.default\">\n\t\t\t\t<div class=\"elementor-widget-container\">\n\t\t\t\t\t\t\t\t\t<p>Cookies er sm\u00e5 tekstfiler, som gemmes p\u00e5 din enhed, n\u00e5r du bes\u00f8ger vores hjemmeside. De hj\u00e6lper os med at forbedre din brugeroplevelse og g\u00f8re hjemmesiden mere funktionel.<\/p>\t\t\t\t\t\t\t\t<\/div>\n\t\t\t\t<\/div>\n\t\t\t\t<\/div>\n\t\t\t\t\t<\/details>\n\t\t\t\t\t\t<details id=\"e-n-accordion-item-1681\" class=\"e-n-accordion-item\" >\n\t\t\t\t<summary class=\"e-n-accordion-item-title\" data-accordion-index=\"2\" tabindex=\"-1\" aria-expanded=\"false\" aria-controls=\"e-n-accordion-item-1681\" >\n\t\t\t\t\t<span class='e-n-accordion-item-title-header'><div class=\"e-n-accordion-item-title-text\"> 2. Hvilke typer cookies bruger vi? <\/div><\/span>\n\t\t\t\t\t\t\t<span class='e-n-accordion-item-title-icon'>\n\t\t\t<span class='e-opened' ><svg aria-hidden=\"true\" class=\"e-font-icon-svg e-fas-minus\" viewbox=\"0 0 448 512\" xmlns=\"http:\/\/www.w3.org\/2000\/svg\"><path d=\"M416 208H32c-17.67 0-32 14.33-32 32v32c0 17.67 14.33 32 32 32h384c17.67 0 32-14.33 32-32v-32c0-17.67-14.33-32-32-32z\"><\/path><\/svg><\/span>\n\t\t\t<span class='e-closed'><svg aria-hidden=\"true\" class=\"e-font-icon-svg e-fas-plus\" viewbox=\"0 0 448 512\" xmlns=\"http:\/\/www.w3.org\/2000\/svg\"><path d=\"M416 208H272V64c0-17.67-14.33-32-32-32h-32c-17.67 0-32 14.33-32 32v144H32c-17.67 0-32 14.33-32 32v32c0 17.67 14.33 32 32 32h144v144c0 17.67 14.33 32 32 32h32c17.67 0 32-14.33 32-32V304h144c17.67 0 32-14.33 32-32v-32c0-17.67-14.33-32-32-32z\"><\/path><\/svg><\/span>\n\t\t<\/span>\n\n\t\t\t\t\t\t<\/summary>\n\t\t\t\t<div role=\"region\" aria-labelledby=\"e-n-accordion-item-1681\" class=\"elementor-element elementor-element-88f83dc e-con-full e-flex e-con e-child\" data-id=\"88f83dc\" data-element_type=\"container\" data-e-type=\"container\">\n\t\t\t\t<div class=\"elementor-element elementor-element-4273235 elementor-widget elementor-widget-text-editor\" data-id=\"4273235\" data-element_type=\"widget\" data-e-type=\"widget\" data-widget_type=\"text-editor.default\">\n\t\t\t\t<div class=\"elementor-widget-container\">\n\t\t\t\t\t\t\t\t\t<p>Vi bruger forskellige typer cookies p\u00e5 vores hjemmeside:<\/p><ul><li>N\u00f8dvendige cookies: Disse cookies er n\u00f8dvendige for, at hjemmesiden fungerer korrekt. De kan ikke frav\u00e6lges.<\/li><li>Statistikcookies: Disse cookies hj\u00e6lper os med at forst\u00e5, hvordan bes\u00f8gende bruger hjemmesiden, s\u00e5 vi kan forbedre den. Vi bruger blandt andet Google Analytics til dette form\u00e5l.<\/li><li>Marketingcookies: Disse cookies bruges til at m\u00e5lrette annoncer og m\u00e5le effekten af vores markedsf\u00f8ring.<\/li><li>Funktionelle cookies: Disse cookies husker dine valg og pr\u00e6ferencer, s\u00e5 vi kan give dig en bedre og mere personlig oplevelse.<\/li><\/ul>\t\t\t\t\t\t\t\t<\/div>\n\t\t\t\t<\/div>\n\t\t\t\t<\/div>\n\t\t\t\t\t<\/details>\n\t\t\t\t\t\t<details id=\"e-n-accordion-item-1682\" class=\"e-n-accordion-item\" >\n\t\t\t\t<summary class=\"e-n-accordion-item-title\" data-accordion-index=\"3\" tabindex=\"-1\" aria-expanded=\"false\" aria-controls=\"e-n-accordion-item-1682\" >\n\t\t\t\t\t<span class='e-n-accordion-item-title-header'><div class=\"e-n-accordion-item-title-text\"> 3. Tredjepartsservices vi benytter <\/div><\/span>\n\t\t\t\t\t\t\t<span class='e-n-accordion-item-title-icon'>\n\t\t\t<span class='e-opened' ><svg aria-hidden=\"true\" class=\"e-font-icon-svg e-fas-minus\" viewbox=\"0 0 448 512\" xmlns=\"http:\/\/www.w3.org\/2000\/svg\"><path d=\"M416 208H32c-17.67 0-32 14.33-32 32v32c0 17.67 14.33 32 32 32h384c17.67 0 32-14.33 32-32v-32c0-17.67-14.33-32-32-32z\"><\/path><\/svg><\/span>\n\t\t\t<span class='e-closed'><svg aria-hidden=\"true\" class=\"e-font-icon-svg e-fas-plus\" viewbox=\"0 0 448 512\" xmlns=\"http:\/\/www.w3.org\/2000\/svg\"><path d=\"M416 208H272V64c0-17.67-14.33-32-32-32h-32c-17.67 0-32 14.33-32 32v144H32c-17.67 0-32 14.33-32 32v32c0 17.67 14.33 32 32 32h144v144c0 17.67 14.33 32 32 32h32c17.67 0 32-14.33 32-32V304h144c17.67 0 32-14.33 32-32v-32c0-17.67-14.33-32-32-32z\"><\/path><\/svg><\/span>\n\t\t<\/span>\n\n\t\t\t\t\t\t<\/summary>\n\t\t\t\t<div role=\"region\" aria-labelledby=\"e-n-accordion-item-1682\" class=\"elementor-element elementor-element-21cd852 e-con-full e-flex e-con e-child\" data-id=\"21cd852\" data-element_type=\"container\" data-e-type=\"container\">\n\t\t\t\t<div class=\"elementor-element elementor-element-1b17fa1 elementor-widget elementor-widget-text-editor\" data-id=\"1b17fa1\" data-element_type=\"widget\" data-e-type=\"widget\" data-widget_type=\"text-editor.default\">\n\t\t\t\t<div class=\"elementor-widget-container\">\n\t\t\t\t\t\t\t\t\t<p>Vi bruger f\u00f8lgende tredjepartsservices, som ogs\u00e5 kan s\u00e6tte cookies:<\/p><ul><li>Google Analytics (til statistik)<\/li><li>Google Tag Manager (til at styre tags og scripts p\u00e5 hjemmesiden)<\/li><li>Hotjar (til at analysere brugeradf\u00e6rd via heatmaps og optagelser)<\/li><\/ul>\t\t\t\t\t\t\t\t<\/div>\n\t\t\t\t<\/div>\n\t\t\t\t<\/div>\n\t\t\t\t\t<\/details>\n\t\t\t\t\t\t<details id=\"e-n-accordion-item-1683\" class=\"e-n-accordion-item\" >\n\t\t\t\t<summary class=\"e-n-accordion-item-title\" data-accordion-index=\"4\" tabindex=\"-1\" aria-expanded=\"false\" aria-controls=\"e-n-accordion-item-1683\" >\n\t\t\t\t\t<span class='e-n-accordion-item-title-header'><div class=\"e-n-accordion-item-title-text\"> 4. Cookiebanner og samtykke <\/div><\/span>\n\t\t\t\t\t\t\t<span class='e-n-accordion-item-title-icon'>\n\t\t\t<span class='e-opened' ><svg aria-hidden=\"true\" class=\"e-font-icon-svg e-fas-minus\" viewbox=\"0 0 448 512\" xmlns=\"http:\/\/www.w3.org\/2000\/svg\"><path d=\"M416 208H32c-17.67 0-32 14.33-32 32v32c0 17.67 14.33 32 32 32h384c17.67 0 32-14.33 32-32v-32c0-17.67-14.33-32-32-32z\"><\/path><\/svg><\/span>\n\t\t\t<span class='e-closed'><svg aria-hidden=\"true\" class=\"e-font-icon-svg e-fas-plus\" viewbox=\"0 0 448 512\" xmlns=\"http:\/\/www.w3.org\/2000\/svg\"><path d=\"M416 208H272V64c0-17.67-14.33-32-32-32h-32c-17.67 0-32 14.33-32 32v144H32c-17.67 0-32 14.33-32 32v32c0 17.67 14.33 32 32 32h144v144c0 17.67 14.33 32 32 32h32c17.67 0 32-14.33 32-32V304h144c17.67 0 32-14.33 32-32v-32c0-17.67-14.33-32-32-32z\"><\/path><\/svg><\/span>\n\t\t<\/span>\n\n\t\t\t\t\t\t<\/summary>\n\t\t\t\t<div role=\"region\" aria-labelledby=\"e-n-accordion-item-1683\" class=\"elementor-element elementor-element-e7c7d1d e-con-full e-flex e-con e-child\" data-id=\"e7c7d1d\" data-element_type=\"container\" data-e-type=\"container\">\n\t\t\t\t<div class=\"elementor-element elementor-element-15720c8 elementor-widget elementor-widget-text-editor\" data-id=\"15720c8\" data-element_type=\"widget\" data-e-type=\"widget\" data-widget_type=\"text-editor.default\">\n\t\t\t\t<div class=\"elementor-widget-container\">\n\t\t\t\t\t\t\t\t\t<p>N\u00e5r du bes\u00f8ger vores hjemmeside, vises et cookiebanner, hvor du kan give samtykke til brugen af cookies. Du kan til enhver tid \u00e6ndre eller tr\u00e6kke dit samtykke tilbage via vores cookieindstillinger.<\/p>\t\t\t\t\t\t\t\t<\/div>\n\t\t\t\t<\/div>\n\t\t\t\t<\/div>\n\t\t\t\t\t<\/details>\n\t\t\t\t\t\t<details id=\"e-n-accordion-item-1684\" class=\"e-n-accordion-item\" >\n\t\t\t\t<summary class=\"e-n-accordion-item-title\" data-accordion-index=\"5\" tabindex=\"-1\" aria-expanded=\"false\" aria-controls=\"e-n-accordion-item-1684\" >\n\t\t\t\t\t<span class='e-n-accordion-item-title-header'><div class=\"e-n-accordion-item-title-text\"> 5. S\u00e5dan kan du kontrollere og slette cookies <\/div><\/span>\n\t\t\t\t\t\t\t<span class='e-n-accordion-item-title-icon'>\n\t\t\t<span class='e-opened' ><svg aria-hidden=\"true\" class=\"e-font-icon-svg e-fas-minus\" viewbox=\"0 0 448 512\" xmlns=\"http:\/\/www.w3.org\/2000\/svg\"><path d=\"M416 208H32c-17.67 0-32 14.33-32 32v32c0 17.67 14.33 32 32 32h384c17.67 0 32-14.33 32-32v-32c0-17.67-14.33-32-32-32z\"><\/path><\/svg><\/span>\n\t\t\t<span class='e-closed'><svg aria-hidden=\"true\" class=\"e-font-icon-svg e-fas-plus\" viewbox=\"0 0 448 512\" xmlns=\"http:\/\/www.w3.org\/2000\/svg\"><path d=\"M416 208H272V64c0-17.67-14.33-32-32-32h-32c-17.67 0-32 14.33-32 32v144H32c-17.67 0-32 14.33-32 32v32c0 17.67 14.33 32 32 32h144v144c0 17.67 14.33 32 32 32h32c17.67 0 32-14.33 32-32V304h144c17.67 0 32-14.33 32-32v-32c0-17.67-14.33-32-32-32z\"><\/path><\/svg><\/span>\n\t\t<\/span>\n\n\t\t\t\t\t\t<\/summary>\n\t\t\t\t<div role=\"region\" aria-labelledby=\"e-n-accordion-item-1684\" class=\"elementor-element elementor-element-ba5c1f1 e-con-full e-flex e-con e-child\" data-id=\"ba5c1f1\" data-element_type=\"container\" data-e-type=\"container\">\n\t\t\t\t<div class=\"elementor-element elementor-element-07f3585 elementor-widget elementor-widget-text-editor\" data-id=\"07f3585\" data-element_type=\"widget\" data-e-type=\"widget\" data-widget_type=\"text-editor.default\">\n\t\t\t\t<div class=\"elementor-widget-container\">\n\t\t\t\t\t\t\t\t\t<p>Du kan til enhver tid \u00e6ndre dine cookieindstillinger i din browser og slette eksisterende cookies. Bem\u00e6rk, at nogle funktioner p\u00e5 hjemmesiden m\u00e5ske ikke virker korrekt, hvis du deaktiverer n\u00f8dvendige cookies.<\/p>\t\t\t\t\t\t\t\t<\/div>\n\t\t\t\t<\/div>\n\t\t\t\t<\/div>\n\t\t\t\t\t<\/details>\n\t\t\t\t\t\t<details id=\"e-n-accordion-item-1685\" class=\"e-n-accordion-item\" >\n\t\t\t\t<summary class=\"e-n-accordion-item-title\" data-accordion-index=\"6\" tabindex=\"-1\" aria-expanded=\"false\" aria-controls=\"e-n-accordion-item-1685\" >\n\t\t\t\t\t<span class='e-n-accordion-item-title-header'><div class=\"e-n-accordion-item-title-text\"> 6. Kontakt <\/div><\/span>\n\t\t\t\t\t\t\t<span class='e-n-accordion-item-title-icon'>\n\t\t\t<span class='e-opened' ><svg aria-hidden=\"true\" class=\"e-font-icon-svg e-fas-minus\" viewbox=\"0 0 448 512\" xmlns=\"http:\/\/www.w3.org\/2000\/svg\"><path d=\"M416 208H32c-17.67 0-32 14.33-32 32v32c0 17.67 14.33 32 32 32h384c17.67 0 32-14.33 32-32v-32c0-17.67-14.33-32-32-32z\"><\/path><\/svg><\/span>\n\t\t\t<span class='e-closed'><svg aria-hidden=\"true\" class=\"e-font-icon-svg e-fas-plus\" viewbox=\"0 0 448 512\" xmlns=\"http:\/\/www.w3.org\/2000\/svg\"><path d=\"M416 208H272V64c0-17.67-14.33-32-32-32h-32c-17.67 0-32 14.33-32 32v144H32c-17.67 0-32 14.33-32 32v32c0 17.67 14.33 32 32 32h144v144c0 17.67 14.33 32 32 32h32c17.67 0 32-14.33 32-32V304h144c17.67 0 32-14.33 32-32v-32c0-17.67-14.33-32-32-32z\"><\/path><\/svg><\/span>\n\t\t<\/span>\n\n\t\t\t\t\t\t<\/summary>\n\t\t\t\t<div role=\"region\" aria-labelledby=\"e-n-accordion-item-1685\" class=\"elementor-element elementor-element-fb22eca e-con-full e-flex e-con e-child\" data-id=\"fb22eca\" data-element_type=\"container\" data-e-type=\"container\">\n\t\t\t\t<div class=\"elementor-element elementor-element-065c1be elementor-widget elementor-widget-text-editor\" data-id=\"065c1be\" data-element_type=\"widget\" data-e-type=\"widget\" data-widget_type=\"text-editor.default\">\n\t\t\t\t<div class=\"elementor-widget-container\">\n\t\t\t\t\t\t\t\t\t<p>Hvis du har sp\u00f8rgsm\u00e5l til vores cookiepolitik, er du velkommen til at kontakte os p\u00e5 <a href=\"mailto:support@stellacare.dk\">support@stellacare.dk<\/a>.<\/p>\t\t\t\t\t\t\t\t<\/div>\n\t\t\t\t<\/div>\n\t\t\t\t<\/div>\n\t\t\t\t\t<\/details>\n\t\t\t\t\t\t<details id=\"e-n-accordion-item-1686\" class=\"e-n-accordion-item\" >\n\t\t\t\t<summary class=\"e-n-accordion-item-title\" data-accordion-index=\"7\" tabindex=\"-1\" aria-expanded=\"false\" aria-controls=\"e-n-accordion-item-1686\" >\n\t\t\t\t\t<span class='e-n-accordion-item-title-header'><div class=\"e-n-accordion-item-title-text\"> 7. Persondata og privatliv <\/div><\/span>\n\t\t\t\t\t\t\t<span class='e-n-accordion-item-title-icon'>\n\t\t\t<span class='e-opened' ><svg aria-hidden=\"true\" class=\"e-font-icon-svg e-fas-minus\" viewbox=\"0 0 448 512\" xmlns=\"http:\/\/www.w3.org\/2000\/svg\"><path d=\"M416 208H32c-17.67 0-32 14.33-32 32v32c0 17.67 14.33 32 32 32h384c17.67 0 32-14.33 32-32v-32c0-17.67-14.33-32-32-32z\"><\/path><\/svg><\/span>\n\t\t\t<span class='e-closed'><svg aria-hidden=\"true\" class=\"e-font-icon-svg e-fas-plus\" viewbox=\"0 0 448 512\" xmlns=\"http:\/\/www.w3.org\/2000\/svg\"><path d=\"M416 208H272V64c0-17.67-14.33-32-32-32h-32c-17.67 0-32 14.33-32 32v144H32c-17.67 0-32 14.33-32 32v32c0 17.67 14.33 32 32 32h144v144c0 17.67 14.33 32 32 32h32c17.67 0 32-14.33 32-32V304h144c17.67 0 32-14.33 32-32v-32c0-17.67-14.33-32-32-32z\"><\/path><\/svg><\/span>\n\t\t<\/span>\n\n\t\t\t\t\t\t<\/summary>\n\t\t\t\t<div role=\"region\" aria-labelledby=\"e-n-accordion-item-1686\" class=\"elementor-element elementor-element-09c8460 e-con-full e-flex e-con e-child\" data-id=\"09c8460\" data-element_type=\"container\" data-e-type=\"container\">\n\t\t\t\t<div class=\"elementor-element elementor-element-56ebb6a elementor-widget elementor-widget-text-editor\" data-id=\"56ebb6a\" data-element_type=\"widget\" data-e-type=\"widget\" data-widget_type=\"text-editor.default\">\n\t\t\t\t<div class=\"elementor-widget-container\">\n\t\t\t\t\t\t\t\t\t<p>Vi behandler personoplysninger i forbindelse med brugen af cookies i overensstemmelse med g\u00e6ldende databeskyttelseslovgivning (GDPR). Vil du vide mere om, hvordan vi beskytter dine persondata, og hvilke rettigheder du har, kan du l\u00e6se vores <a href=\"https:\/\/stellacare.dk\/en\/privatlivspolitik\/\">Privatlivspolitik.<\/a><\/p>\t\t\t\t\t\t\t\t<\/div>\n\t\t\t\t<\/div>\n\t\t\t\t<\/div>\n\t\t\t\t\t<\/details>\n\t\t\t\t\t<\/div>\n\t\t\t\t\t\t<\/div>\n\t\t\t\t<\/div>\n\t\t\t\t\t<\/div>\n\t\t\t\t<\/div>\n\t\t\t\t<\/div>","protected":false},"excerpt":{"rendered":"<p>Cookiepolitik Her kan du l\u00e6se om, hvordan vi bruger cookies p\u00e5 vores hjemmeside for at sikre din oplevelse, forbedre funktionaliteten og beskytte dit privatliv. Hvordan vi bruger cookies p\u00e5 denne hjemmeside 1. Hvad er cookies? Cookies er sm\u00e5 tekstfiler, som gemmes p\u00e5 din enhed, n\u00e5r du bes\u00f8ger vores hjemmeside. De hj\u00e6lper os med at forbedre [&hellip;]<\/p>\n","protected":false},"author":1,"featured_media":0,"parent":0,"menu_order":0,"comment_status":"closed","ping_status":"closed","template":"","meta":{"footnotes":""},"class_list":["post-2415","page","type-page","status-publish","hentry"],"yoast_head":"<!-- This site is optimized with the Yoast SEO plugin v27.5 - https:\/\/yoast.com\/product\/yoast-seo-wordpress\/ -->\n<title>Cookiepolitik | Frihed til at glemme<\/title>\n<meta name=\"description\" content=\"Cookiepolitik Her kan du l\u00e6se om, hvordan vi bruger cookies p\u00e5 vores hjemmeside for at sikre din oplevelse, forbedre funktionaliteten og beskytte dit\" \/>\n<meta name=\"robots\" content=\"index, follow, max-snippet:-1, max-image-preview:large, max-video-preview:-1\" \/>\n<link rel=\"canonical\" href=\"https:\/\/stellacare.dk\/en\/cookiepolitik\/\" \/>\n<meta property=\"og:locale\" content=\"en_GB\" \/>\n<meta property=\"og:type\" content=\"article\" \/>\n<meta property=\"og:title\" content=\"Cookiepolitik | Frihed til at glemme\" \/>\n<meta property=\"og:description\" content=\"Cookiepolitik Her kan du l\u00e6se om, hvordan vi bruger cookies p\u00e5 vores hjemmeside for at sikre din oplevelse, forbedre funktionaliteten og beskytte dit\" \/>\n<meta property=\"og:url\" content=\"https:\/\/stellacare.dk\/en\/cookiepolitik\/\" \/>\n<meta property=\"og:site_name\" content=\"Stella Care\" \/>\n<meta property=\"article:publisher\" content=\"https:\/\/www.facebook.com\/stellacareApS\" \/>\n<meta property=\"article:modified_time\" content=\"2026-03-24T14:49:27+00:00\" \/>\n<meta property=\"og:image\" content=\"https:\/\/obj3124.public-dk6.clu4.obj.storagefactory.io\/cdn.stellacare.dk\/stellacare.dk\/2025\/06\/19125626\/OG-stella-care-default.jpg\" \/>\n\t<meta property=\"og:image:width\" content=\"1200\" \/>\n\t<meta property=\"og:image:height\" content=\"675\" \/>\n\t<meta property=\"og:image:type\" content=\"image\/webp\" \/>\n<meta name=\"twitter:card\" content=\"summary_large_image\" \/>\n<meta name=\"twitter:label1\" content=\"Estimated reading time\" \/>\n\t<meta name=\"twitter:data1\" content=\"3 minutes\" \/>\n<script type=\"application\/ld+json\" class=\"yoast-schema-graph\">{\"@context\":\"https:\\\/\\\/schema.org\",\"@graph\":[{\"@type\":\"WebPage\",\"@id\":\"https:\\\/\\\/stellacare.dk\\\/cookiepolitik\\\/\",\"url\":\"https:\\\/\\\/stellacare.dk\\\/cookiepolitik\\\/\",\"name\":\"Cookiepolitik | Frihed til at glemme\",\"isPartOf\":{\"@id\":\"https:\\\/\\\/stellacare.dk\\\/#website\"},\"datePublished\":\"2026-03-24T14:39:51+00:00\",\"dateModified\":\"2026-03-24T14:49:27+00:00\",\"description\":\"Cookiepolitik Her kan du l\u00e6se om, hvordan vi bruger cookies p\u00e5 vores hjemmeside for at sikre din oplevelse, forbedre funktionaliteten og beskytte dit\",\"breadcrumb\":{\"@id\":\"https:\\\/\\\/stellacare.dk\\\/cookiepolitik\\\/#breadcrumb\"},\"inLanguage\":\"en-GB\",\"potentialAction\":[{\"@type\":\"ReadAction\",\"target\":[\"https:\\\/\\\/stellacare.dk\\\/cookiepolitik\\\/\"]}]},{\"@type\":\"BreadcrumbList\",\"@id\":\"https:\\\/\\\/stellacare.dk\\\/cookiepolitik\\\/#breadcrumb\",\"itemListElement\":[{\"@type\":\"ListItem\",\"position\":1,\"name\":\"Home\",\"item\":\"https:\\\/\\\/stellacare.dk\\\/\"},{\"@type\":\"ListItem\",\"position\":2,\"name\":\"Cookiepolitik\"}]},{\"@type\":\"WebSite\",\"@id\":\"https:\\\/\\\/stellacare.dk\\\/#website\",\"url\":\"https:\\\/\\\/stellacare.dk\\\/\",\"name\":\"Stella Care\",\"description\":\"Frihed til at glemme\",\"publisher\":{\"@id\":\"https:\\\/\\\/stellacare.dk\\\/#organization\"},\"potentialAction\":[{\"@type\":\"SearchAction\",\"target\":{\"@type\":\"EntryPoint\",\"urlTemplate\":\"https:\\\/\\\/stellacare.dk\\\/?s={search_term_string}\"},\"query-input\":{\"@type\":\"PropertyValueSpecification\",\"valueRequired\":true,\"valueName\":\"search_term_string\"}}],\"inLanguage\":\"en-GB\"},{\"@type\":\"Organization\",\"@id\":\"https:\\\/\\\/stellacare.dk\\\/#organization\",\"name\":\"Stella Care\",\"url\":\"https:\\\/\\\/stellacare.dk\\\/\",\"logo\":{\"@type\":\"ImageObject\",\"inLanguage\":\"en-GB\",\"@id\":\"https:\\\/\\\/stellacare.dk\\\/#\\\/schema\\\/logo\\\/image\\\/\",\"url\":\"https:\\\/\\\/sandboxnew.stellacare.dk\\\/wp-content\\\/uploads\\\/2025\\\/05\\\/logo-rund.png\",\"contentUrl\":\"https:\\\/\\\/sandboxnew.stellacare.dk\\\/wp-content\\\/uploads\\\/2025\\\/05\\\/logo-rund.png\",\"width\":682,\"height\":682,\"caption\":\"Stella Care\"},\"image\":{\"@id\":\"https:\\\/\\\/stellacare.dk\\\/#\\\/schema\\\/logo\\\/image\\\/\"},\"sameAs\":[\"https:\\\/\\\/www.facebook.com\\\/stellacareApS\",\"https:\\\/\\\/www.linkedin.com\\\/company\\\/stella-care-aps\"]}]}<\/script>\n<!-- \/ Yoast SEO plugin. -->","yoast_head_json":{"title":"Cookiepolitik | Frihed til at glemme","description":"Cookiepolitik Her kan du l\u00e6se om, hvordan vi bruger cookies p\u00e5 vores hjemmeside for at sikre din oplevelse, forbedre funktionaliteten og beskytte dit","robots":{"index":"index","follow":"follow","max-snippet":"max-snippet:-1","max-image-preview":"max-image-preview:large","max-video-preview":"max-video-preview:-1"},"canonical":"https:\/\/stellacare.dk\/en\/cookiepolitik\/","og_locale":"en_GB","og_type":"article","og_title":"Cookiepolitik | Frihed til at glemme","og_description":"Cookiepolitik Her kan du l\u00e6se om, hvordan vi bruger cookies p\u00e5 vores hjemmeside for at sikre din oplevelse, forbedre funktionaliteten og beskytte dit","og_url":"https:\/\/stellacare.dk\/en\/cookiepolitik\/","og_site_name":"Stella Care","article_publisher":"https:\/\/www.facebook.com\/stellacareApS","article_modified_time":"2026-03-24T14:49:27+00:00","og_image":[{"width":1200,"height":675,"url":"https:\/\/obj3124.public-dk6.clu4.obj.storagefactory.io\/cdn.stellacare.dk\/stellacare.dk\/2025\/06\/19125626\/OG-stella-care-default.jpg","type":"image\/webp"}],"twitter_card":"summary_large_image","twitter_misc":{"Estimated reading time":"3 minutes"},"schema":{"@context":"https:\/\/schema.org","@graph":[{"@type":"WebPage","@id":"https:\/\/stellacare.dk\/cookiepolitik\/","url":"https:\/\/stellacare.dk\/cookiepolitik\/","name":"Cookiepolitik | Frihed til at glemme","isPartOf":{"@id":"https:\/\/stellacare.dk\/#website"},"datePublished":"2026-03-24T14:39:51+00:00","dateModified":"2026-03-24T14:49:27+00:00","description":"Cookiepolitik Her kan du l\u00e6se om, hvordan vi bruger cookies p\u00e5 vores hjemmeside for at sikre din oplevelse, forbedre funktionaliteten og beskytte dit","breadcrumb":{"@id":"https:\/\/stellacare.dk\/cookiepolitik\/#breadcrumb"},"inLanguage":"en-GB","potentialAction":[{"@type":"ReadAction","target":["https:\/\/stellacare.dk\/cookiepolitik\/"]}]},{"@type":"BreadcrumbList","@id":"https:\/\/stellacare.dk\/cookiepolitik\/#breadcrumb","itemListElement":[{"@type":"ListItem","position":1,"name":"Home","item":"https:\/\/stellacare.dk\/"},{"@type":"ListItem","position":2,"name":"Cookiepolitik"}]},{"@type":"WebSite","@id":"https:\/\/stellacare.dk\/#website","url":"https:\/\/stellacare.dk\/","name":"Stella Care","description":"Frihed til at glemme","publisher":{"@id":"https:\/\/stellacare.dk\/#organization"},"potentialAction":[{"@type":"SearchAction","target":{"@type":"EntryPoint","urlTemplate":"https:\/\/stellacare.dk\/?s={search_term_string}"},"query-input":{"@type":"PropertyValueSpecification","valueRequired":true,"valueName":"search_term_string"}}],"inLanguage":"en-GB"},{"@type":"Organization","@id":"https:\/\/stellacare.dk\/#organization","name":"Stella Care","url":"https:\/\/stellacare.dk\/","logo":{"@type":"ImageObject","inLanguage":"en-GB","@id":"https:\/\/stellacare.dk\/#\/schema\/logo\/image\/","url":"https:\/\/sandboxnew.stellacare.dk\/wp-content\/uploads\/2025\/05\/logo-rund.png","contentUrl":"https:\/\/sandboxnew.stellacare.dk\/wp-content\/uploads\/2025\/05\/logo-rund.png","width":682,"height":682,"caption":"Stella Care"},"image":{"@id":"https:\/\/stellacare.dk\/#\/schema\/logo\/image\/"},"sameAs":["https:\/\/www.facebook.com\/stellacareApS","https:\/\/www.linkedin.com\/company\/stella-care-aps"]}]}},"_links":{"self":[{"href":"https:\/\/stellacare.dk\/en\/wp-json\/wp\/v2\/pages\/2415","targetHints":{"allow":["GET"]}}],"collection":[{"href":"https:\/\/stellacare.dk\/en\/wp-json\/wp\/v2\/pages"}],"about":[{"href":"https:\/\/stellacare.dk\/en\/wp-json\/wp\/v2\/types\/page"}],"author":[{"embeddable":true,"href":"https:\/\/stellacare.dk\/en\/wp-json\/wp\/v2\/users\/1"}],"replies":[{"embeddable":true,"href":"https:\/\/stellacare.dk\/en\/wp-json\/wp\/v2\/comments?post=2415"}],"version-history":[{"count":13,"href":"https:\/\/stellacare.dk\/en\/wp-json\/wp\/v2\/pages\/2415\/revisions"}],"predecessor-version":[{"id":2429,"href":"https:\/\/stellacare.dk\/en\/wp-json\/wp\/v2\/pages\/2415\/revisions\/2429"}],"wp:attachment":[{"href":"https:\/\/stellacare.dk\/en\/wp-json\/wp\/v2\/media?parent=2415"}],"curies":[{"name":"wp","href":"https:\/\/api.w.org\/{rel}","templated":true}]}}