{"id":242,"date":"2025-05-08T09:03:09","date_gmt":"2025-05-08T09:03:09","guid":{"rendered":"https:\/\/sandboxnew.stellacare.dk\/?page_id=242"},"modified":"2025-06-30T08:20:17","modified_gmt":"2025-06-30T08:20:17","slug":"baeredygtighed-og-csr","status":"publish","type":"page","link":"https:\/\/stellacare.dk\/en\/baeredygtighed-og-csr\/","title":{"rendered":"Sustainability and CSR"},"content":{"rendered":"<div data-elementor-type=\"wp-page\" data-elementor-id=\"242\" class=\"elementor elementor-242\" data-elementor-post-type=\"page\">\n\t\t\t\t<div class=\"elementor-element elementor-element-8ee5f40 e-flex e-con-boxed e-con e-parent\" data-id=\"8ee5f40\" data-element_type=\"container\" data-e-type=\"container\">\n\t\t\t\t\t<div class=\"e-con-inner\">\n\t\t\t\t<div class=\"elementor-element elementor-element-dd131cd elementor-widget elementor-widget-heading\" data-id=\"dd131cd\" data-element_type=\"widget\" data-e-type=\"widget\" data-widget_type=\"heading.default\">\n\t\t\t\t<div class=\"elementor-widget-container\">\n\t\t\t\t\t<h1 class=\"elementor-heading-title elementor-size-default\">Sustainability and CSR<\/h1>\t\t\t\t<\/div>\n\t\t\t\t<\/div>\n\t\t\t\t<div class=\"elementor-element elementor-element-9587f95 elementor-widget elementor-widget-text-editor\" data-id=\"9587f95\" data-element_type=\"widget\" data-e-type=\"widget\" data-widget_type=\"text-editor.default\">\n\t\t\t\t<div class=\"elementor-widget-container\">\n\t\t\t\t\t\t\t\t\t<p>At Stella Care ApS, we have a strong commitment to promoting sustainability and Corporate Social Responsibility (CSR) in our business practices. We are determined to do our part to preserve the planet, and this is reflected in our daily activities and decisions.<\/p><p>\u00a0<\/p><p><strong>Recycling of GPS Devices and Packaging: Sustainable Practices<\/strong><\/p><p>A key part of our sustainability strategy is recycling. When our GPS devices have not been in use with customers for an extended period and are still fully functional, we recycle them. This not only helps reduce electronic waste and promotes environmental responsibility but also saves resources and minimizes our overall environmental footprint.<\/p><p>Similarly, we use recycled packaging and product boxes whenever possible. This allows us to reduce the need for new materials and minimize waste throughout our supply chain.<\/p><p>\u00a0<\/p><p><strong>Proper Waste Management and Sustainability<\/strong><\/p><p>We also take active responsibility for proper waste management as part of our CSR strategy. Our waste is sorted and disposed of in accordance with applicable regulations, ensuring that hazardous waste does not end up in nature. This promotes a healthier planet and reinforces our CSR commitment.<\/p><p>\u00a0<\/p><p><strong>Digital Documentation and Sustainable Practices<\/strong><\/p><p>We recognize that paper consumption has a significant environmental impact. Therefore, we have taken steps to reduce our paper use as part of our sustainable practices. Our digital guides and documentation make it easy for our customers to access information in a more environmentally friendly way, while also supporting our CSR initiatives.<\/p><p>\u00a0<\/p><p><strong>Our Commitment to the Work Environment<\/strong><\/p><p>At Stella Care ApS, our CSR commitment extends beyond environmental responsibility. We believe in fostering a positive work environment and respecting fundamental human rights, equality, and non-discrimination in all aspects of our business.<\/p><p>We prioritize the safety and well-being of our employees. Our work environment policy focuses on creating a safe and healthy workplace where all employees can realize their potential without fear of injury or health issues. We strive to meet the highest standards for occupational safety and health and comply with relevant legal requirements.<\/p><p>Our commitment to sustainability and CSR is an integral part of Stella Care ApS\u2019s corporate culture. We aim to take positive steps toward a more sustainable future and encourage our customers, partners, and employees to join us in this effort.<\/p>\t\t\t\t\t\t\t\t<\/div>\n\t\t\t\t<\/div>\n\t\t\t\t\t<\/div>\n\t\t\t\t<\/div>\n\t\t\t\t<\/div>","protected":false},"excerpt":{"rendered":"<p>B\u00e6redygtighed og CSR Hos Stella Care ApS har vi en st\u00e6rk forpligtelse til at fremme b\u00e6redygtighed og Corporate Social Responsibility (CSR) i vores forretningspraksis. Vi er fast besluttet p\u00e5 at g\u00f8re vores del for at bevare planeten, og det afspejler sig i vores daglige aktiviteter og beslutninger. \u00a0 Genanvendelse af GPS-enheder og Emballage: B\u00e6redygtige Praksisser [&hellip;]<\/p>\n","protected":false},"author":1,"featured_media":0,"parent":0,"menu_order":0,"comment_status":"closed","ping_status":"closed","template":"","meta":{"footnotes":""},"class_list":["post-242","page","type-page","status-publish","hentry"],"yoast_head":"<!-- This site is optimized with the Yoast SEO plugin v27.4 - https:\/\/yoast.com\/product\/yoast-seo-wordpress\/ -->\n<title>B\u00e6redygtighed og CSR | Frihed til at glemme<\/title>\n<meta name=\"description\" content=\"B\u00e6redygtighed og CSR Hos Stella Care ApS har vi en st\u00e6rk forpligtelse til at fremme b\u00e6redygtighed og Corporate Social Responsibility (CSR) i vores\" \/>\n<meta name=\"robots\" content=\"index, follow, max-snippet:-1, max-image-preview:large, max-video-preview:-1\" \/>\n<link rel=\"canonical\" href=\"https:\/\/stellacare.dk\/en\/baeredygtighed-og-csr\/\" \/>\n<meta property=\"og:locale\" content=\"en_GB\" \/>\n<meta property=\"og:type\" content=\"article\" \/>\n<meta property=\"og:title\" content=\"B\u00e6redygtighed og CSR | Frihed til at glemme\" \/>\n<meta property=\"og:description\" content=\"B\u00e6redygtighed og CSR Hos Stella Care ApS har vi en st\u00e6rk forpligtelse til at fremme b\u00e6redygtighed og Corporate Social Responsibility (CSR) i vores\" \/>\n<meta property=\"og:url\" content=\"https:\/\/stellacare.dk\/en\/baeredygtighed-og-csr\/\" \/>\n<meta property=\"og:site_name\" content=\"Stella Care\" \/>\n<meta property=\"article:publisher\" content=\"https:\/\/www.facebook.com\/stellacareApS\" \/>\n<meta property=\"article:modified_time\" content=\"2025-06-30T08:20:17+00:00\" \/>\n<meta property=\"og:image\" content=\"https:\/\/obj3124.public-dk6.clu4.obj.storagefactory.io\/cdn.stellacare.dk\/stellacare.dk\/2025\/06\/19125626\/OG-stella-care-default.jpg\" \/>\n\t<meta property=\"og:image:width\" content=\"1200\" \/>\n\t<meta property=\"og:image:height\" content=\"675\" \/>\n\t<meta property=\"og:image:type\" content=\"image\/webp\" \/>\n<meta name=\"twitter:card\" content=\"summary_large_image\" \/>\n<meta name=\"twitter:label1\" content=\"Estimated reading time\" \/>\n\t<meta name=\"twitter:data1\" content=\"2 minutes\" \/>\n<script type=\"application\/ld+json\" class=\"yoast-schema-graph\">{\"@context\":\"https:\\\/\\\/schema.org\",\"@graph\":[{\"@type\":\"WebPage\",\"@id\":\"https:\\\/\\\/stellacare.dk\\\/baeredygtighed-og-csr\\\/\",\"url\":\"https:\\\/\\\/stellacare.dk\\\/baeredygtighed-og-csr\\\/\",\"name\":\"B\u00e6redygtighed og CSR | Frihed til at glemme\",\"isPartOf\":{\"@id\":\"https:\\\/\\\/stellacare.dk\\\/#website\"},\"datePublished\":\"2025-05-08T09:03:09+00:00\",\"dateModified\":\"2025-06-30T08:20:17+00:00\",\"description\":\"B\u00e6redygtighed og CSR Hos Stella Care ApS har vi en st\u00e6rk forpligtelse til at fremme b\u00e6redygtighed og Corporate Social Responsibility (CSR) i vores\",\"breadcrumb\":{\"@id\":\"https:\\\/\\\/stellacare.dk\\\/baeredygtighed-og-csr\\\/#breadcrumb\"},\"inLanguage\":\"en-GB\",\"potentialAction\":[{\"@type\":\"ReadAction\",\"target\":[\"https:\\\/\\\/stellacare.dk\\\/baeredygtighed-og-csr\\\/\"]}]},{\"@type\":\"BreadcrumbList\",\"@id\":\"https:\\\/\\\/stellacare.dk\\\/baeredygtighed-og-csr\\\/#breadcrumb\",\"itemListElement\":[{\"@type\":\"ListItem\",\"position\":1,\"name\":\"Home\",\"item\":\"https:\\\/\\\/stellacare.dk\\\/\"},{\"@type\":\"ListItem\",\"position\":2,\"name\":\"B\u00e6redygtighed og CSR\"}]},{\"@type\":\"WebSite\",\"@id\":\"https:\\\/\\\/stellacare.dk\\\/#website\",\"url\":\"https:\\\/\\\/stellacare.dk\\\/\",\"name\":\"Stella Care\",\"description\":\"Frihed til at glemme\",\"publisher\":{\"@id\":\"https:\\\/\\\/stellacare.dk\\\/#organization\"},\"potentialAction\":[{\"@type\":\"SearchAction\",\"target\":{\"@type\":\"EntryPoint\",\"urlTemplate\":\"https:\\\/\\\/stellacare.dk\\\/?s={search_term_string}\"},\"query-input\":{\"@type\":\"PropertyValueSpecification\",\"valueRequired\":true,\"valueName\":\"search_term_string\"}}],\"inLanguage\":\"en-GB\"},{\"@type\":\"Organization\",\"@id\":\"https:\\\/\\\/stellacare.dk\\\/#organization\",\"name\":\"Stella Care\",\"url\":\"https:\\\/\\\/stellacare.dk\\\/\",\"logo\":{\"@type\":\"ImageObject\",\"inLanguage\":\"en-GB\",\"@id\":\"https:\\\/\\\/stellacare.dk\\\/#\\\/schema\\\/logo\\\/image\\\/\",\"url\":\"https:\\\/\\\/sandboxnew.stellacare.dk\\\/wp-content\\\/uploads\\\/2025\\\/05\\\/logo-rund.png\",\"contentUrl\":\"https:\\\/\\\/sandboxnew.stellacare.dk\\\/wp-content\\\/uploads\\\/2025\\\/05\\\/logo-rund.png\",\"width\":682,\"height\":682,\"caption\":\"Stella Care\"},\"image\":{\"@id\":\"https:\\\/\\\/stellacare.dk\\\/#\\\/schema\\\/logo\\\/image\\\/\"},\"sameAs\":[\"https:\\\/\\\/www.facebook.com\\\/stellacareApS\",\"https:\\\/\\\/www.linkedin.com\\\/company\\\/stella-care-aps\"]}]}<\/script>\n<!-- \/ Yoast SEO plugin. -->","yoast_head_json":{"title":"B\u00e6redygtighed og CSR | Frihed til at glemme","description":"B\u00e6redygtighed og CSR Hos Stella Care ApS har vi en st\u00e6rk forpligtelse til at fremme b\u00e6redygtighed og Corporate Social Responsibility (CSR) i vores","robots":{"index":"index","follow":"follow","max-snippet":"max-snippet:-1","max-image-preview":"max-image-preview:large","max-video-preview":"max-video-preview:-1"},"canonical":"https:\/\/stellacare.dk\/en\/baeredygtighed-og-csr\/","og_locale":"en_GB","og_type":"article","og_title":"B\u00e6redygtighed og CSR | Frihed til at glemme","og_description":"B\u00e6redygtighed og CSR Hos Stella Care ApS har vi en st\u00e6rk forpligtelse til at fremme b\u00e6redygtighed og Corporate Social Responsibility (CSR) i vores","og_url":"https:\/\/stellacare.dk\/en\/baeredygtighed-og-csr\/","og_site_name":"Stella Care","article_publisher":"https:\/\/www.facebook.com\/stellacareApS","article_modified_time":"2025-06-30T08:20:17+00:00","og_image":[{"width":1200,"height":675,"url":"https:\/\/obj3124.public-dk6.clu4.obj.storagefactory.io\/cdn.stellacare.dk\/stellacare.dk\/2025\/06\/19125626\/OG-stella-care-default.jpg","type":"image\/webp"}],"twitter_card":"summary_large_image","twitter_misc":{"Estimated reading time":"2 minutes"},"schema":{"@context":"https:\/\/schema.org","@graph":[{"@type":"WebPage","@id":"https:\/\/stellacare.dk\/baeredygtighed-og-csr\/","url":"https:\/\/stellacare.dk\/baeredygtighed-og-csr\/","name":"B\u00e6redygtighed og CSR | Frihed til at glemme","isPartOf":{"@id":"https:\/\/stellacare.dk\/#website"},"datePublished":"2025-05-08T09:03:09+00:00","dateModified":"2025-06-30T08:20:17+00:00","description":"B\u00e6redygtighed og CSR Hos Stella Care ApS har vi en st\u00e6rk forpligtelse til at fremme b\u00e6redygtighed og Corporate Social Responsibility (CSR) i vores","breadcrumb":{"@id":"https:\/\/stellacare.dk\/baeredygtighed-og-csr\/#breadcrumb"},"inLanguage":"en-GB","potentialAction":[{"@type":"ReadAction","target":["https:\/\/stellacare.dk\/baeredygtighed-og-csr\/"]}]},{"@type":"BreadcrumbList","@id":"https:\/\/stellacare.dk\/baeredygtighed-og-csr\/#breadcrumb","itemListElement":[{"@type":"ListItem","position":1,"name":"Home","item":"https:\/\/stellacare.dk\/"},{"@type":"ListItem","position":2,"name":"B\u00e6redygtighed og CSR"}]},{"@type":"WebSite","@id":"https:\/\/stellacare.dk\/#website","url":"https:\/\/stellacare.dk\/","name":"Stella Care","description":"Frihed til at glemme","publisher":{"@id":"https:\/\/stellacare.dk\/#organization"},"potentialAction":[{"@type":"SearchAction","target":{"@type":"EntryPoint","urlTemplate":"https:\/\/stellacare.dk\/?s={search_term_string}"},"query-input":{"@type":"PropertyValueSpecification","valueRequired":true,"valueName":"search_term_string"}}],"inLanguage":"en-GB"},{"@type":"Organization","@id":"https:\/\/stellacare.dk\/#organization","name":"Stella Care","url":"https:\/\/stellacare.dk\/","logo":{"@type":"ImageObject","inLanguage":"en-GB","@id":"https:\/\/stellacare.dk\/#\/schema\/logo\/image\/","url":"https:\/\/sandboxnew.stellacare.dk\/wp-content\/uploads\/2025\/05\/logo-rund.png","contentUrl":"https:\/\/sandboxnew.stellacare.dk\/wp-content\/uploads\/2025\/05\/logo-rund.png","width":682,"height":682,"caption":"Stella Care"},"image":{"@id":"https:\/\/stellacare.dk\/#\/schema\/logo\/image\/"},"sameAs":["https:\/\/www.facebook.com\/stellacareApS","https:\/\/www.linkedin.com\/company\/stella-care-aps"]}]}},"_links":{"self":[{"href":"https:\/\/stellacare.dk\/en\/wp-json\/wp\/v2\/pages\/242","targetHints":{"allow":["GET"]}}],"collection":[{"href":"https:\/\/stellacare.dk\/en\/wp-json\/wp\/v2\/pages"}],"about":[{"href":"https:\/\/stellacare.dk\/en\/wp-json\/wp\/v2\/types\/page"}],"author":[{"embeddable":true,"href":"https:\/\/stellacare.dk\/en\/wp-json\/wp\/v2\/users\/1"}],"replies":[{"embeddable":true,"href":"https:\/\/stellacare.dk\/en\/wp-json\/wp\/v2\/comments?post=242"}],"version-history":[{"count":19,"href":"https:\/\/stellacare.dk\/en\/wp-json\/wp\/v2\/pages\/242\/revisions"}],"predecessor-version":[{"id":1670,"href":"https:\/\/stellacare.dk\/en\/wp-json\/wp\/v2\/pages\/242\/revisions\/1670"}],"wp:attachment":[{"href":"https:\/\/stellacare.dk\/en\/wp-json\/wp\/v2\/media?parent=242"}],"curies":[{"name":"wp","href":"https:\/\/api.w.org\/{rel}","templated":true}]}}