{"id":247,"date":"2025-05-08T10:58:17","date_gmt":"2025-05-08T10:58:17","guid":{"rendered":"https:\/\/sandboxnew.stellacare.dk\/?page_id=247"},"modified":"2025-12-05T08:59:21","modified_gmt":"2025-12-05T08:59:21","slug":"isae-3000-revisionserklaering","status":"publish","type":"page","link":"https:\/\/stellacare.dk\/no\/isae-3000-revisionserklaering\/","title":{"rendered":"ISAE 3000 revisjonserkl\u00e6ring"},"content":{"rendered":"<div data-elementor-type=\"wp-page\" data-elementor-id=\"247\" class=\"elementor elementor-247\" data-elementor-post-type=\"page\">\n\t\t\t\t<div class=\"elementor-element elementor-element-802f994 e-flex e-con-boxed e-con e-parent\" data-id=\"802f994\" data-element_type=\"container\" data-e-type=\"container\">\n\t\t\t\t\t<div class=\"e-con-inner\">\n\t\t\t\t<div class=\"elementor-element elementor-element-0847bad elementor-widget elementor-widget-heading\" data-id=\"0847bad\" data-element_type=\"widget\" data-e-type=\"widget\" data-widget_type=\"heading.default\">\n\t\t\t\t<div class=\"elementor-widget-container\">\n\t\t\t\t\t<h1 class=\"elementor-heading-title elementor-size-default\">ISAE 3000 revisjonserkl\u00e6ring<\/h1>\t\t\t\t<\/div>\n\t\t\t\t<\/div>\n\t\t\t\t<div class=\"elementor-element elementor-element-4b54bfe elementor-widget elementor-widget-text-editor\" data-id=\"4b54bfe\" data-element_type=\"widget\" data-e-type=\"widget\" data-widget_type=\"text-editor.default\">\n\t\t\t\t<div class=\"elementor-widget-container\">\n\t\t\t\t\t\t\t\t\t<p>Opdateret december 2025.<\/p>\t\t\t\t\t\t\t\t<\/div>\n\t\t\t\t<\/div>\n\t\t\t\t<div class=\"elementor-element elementor-element-13c3633 elementor-widget elementor-widget-button\" data-id=\"13c3633\" data-element_type=\"widget\" data-e-type=\"widget\" data-widget_type=\"button.default\">\n\t\t\t\t<div class=\"elementor-widget-container\">\n\t\t\t\t\t\t\t\t\t<div class=\"elementor-button-wrapper\">\n\t\t\t\t\t<a class=\"elementor-button elementor-button-link elementor-size-sm\" href=\"https:\/\/obj3124.public-dk6.clu4.obj.storagefactory.io\/cdn.stellacare.dk\/staging.stellacare.dk\/2025\/12\/05085741\/Stella-Care-ISAE-3000-GDPR-Erklaering2024-2025.pdf\" target=\"_blank\">\n\t\t\t\t\t\t<span class=\"elementor-button-content-wrapper\">\n\t\t\t\t\t\t<span class=\"elementor-button-icon\">\n\t\t\t\t<svg aria-hidden=\"true\" class=\"e-font-icon-svg e-fas-download\" viewbox=\"0 0 512 512\" xmlns=\"http:\/\/www.w3.org\/2000\/svg\"><path d=\"M216 0h80c13.3 0 24 10.7 24 24v168h87.7c17.8 0 26.7 21.5 14.1 34.1L269.7 378.3c-7.5 7.5-19.8 7.5-27.3 0L90.1 226.1c-12.6-12.6-3.7-34.1 14.1-34.1H192V24c0-13.3 10.7-24 24-24zm296 376v112c0 13.3-10.7 24-24 24H24c-13.3 0-24-10.7-24-24V376c0-13.3 10.7-24 24-24h146.7l49 49c20.1 20.1 52.5 20.1 72.6 0l49-49H488c13.3 0 24 10.7 24 24zm-124 88c0-11-9-20-20-20s-20 9-20 20 9 20 20 20 20-9 20-20zm64 0c0-11-9-20-20-20s-20 9-20 20 9 20 20 20 20-9 20-20z\"><\/path><\/svg>\t\t\t<\/span>\n\t\t\t\t\t\t\t\t\t<span class=\"elementor-button-text\">Les revisjonserkl\u00e6ringen her<\/span>\n\t\t\t\t\t<\/span>\n\t\t\t\t\t<\/a>\n\t\t\t\t<\/div>\n\t\t\t\t\t\t\t\t<\/div>\n\t\t\t\t<\/div>\n\t\t\t\t\t<\/div>\n\t\t\t\t<\/div>\n\t\t\t\t<\/div>","protected":false},"excerpt":{"rendered":"<p>ISAE 3000 revisionserkl\u00e6ring Opdateret december 2025. L\u00e6s revisionserkl\u00e6ringen her<\/p>","protected":false},"author":1,"featured_media":0,"parent":0,"menu_order":0,"comment_status":"closed","ping_status":"closed","template":"","meta":{"footnotes":""},"class_list":["post-247","page","type-page","status-publish","hentry"],"yoast_head":"<!-- This site is optimized with the Yoast SEO plugin v27.4 - https:\/\/yoast.com\/product\/yoast-seo-wordpress\/ -->\n<title>ISAE 3000 revisionserkl\u00e6ring | Frihed til at glemme<\/title>\n<meta name=\"description\" content=\"ISAE 3000 revisionserkl\u00e6ring    Opdateret december 2025.             L\u00e6s revisionserkl\u00e6ringen her\" \/>\n<meta name=\"robots\" content=\"index, follow, max-snippet:-1, max-image-preview:large, max-video-preview:-1\" \/>\n<link rel=\"canonical\" href=\"https:\/\/stellacare.dk\/no\/isae-3000-revisionserklaering\/\" \/>\n<meta property=\"og:locale\" content=\"nb_NO\" \/>\n<meta property=\"og:type\" content=\"article\" \/>\n<meta property=\"og:title\" content=\"ISAE 3000 revisionserkl\u00e6ring | Frihed til at glemme\" \/>\n<meta property=\"og:description\" content=\"ISAE 3000 revisionserkl\u00e6ring    Opdateret december 2025.             L\u00e6s revisionserkl\u00e6ringen her\" \/>\n<meta property=\"og:url\" content=\"https:\/\/stellacare.dk\/no\/isae-3000-revisionserklaering\/\" \/>\n<meta property=\"og:site_name\" content=\"Stella Care\" \/>\n<meta property=\"article:publisher\" content=\"https:\/\/www.facebook.com\/stellacareApS\" \/>\n<meta property=\"article:modified_time\" content=\"2025-12-05T08:59:21+00:00\" \/>\n<meta property=\"og:image\" content=\"https:\/\/obj3124.public-dk6.clu4.obj.storagefactory.io\/cdn.stellacare.dk\/stellacare.dk\/2025\/06\/19125626\/OG-stella-care-default.jpg\" \/>\n\t<meta property=\"og:image:width\" content=\"1200\" \/>\n\t<meta property=\"og:image:height\" content=\"675\" \/>\n\t<meta property=\"og:image:type\" content=\"image\/webp\" \/>\n<meta name=\"twitter:card\" content=\"summary_large_image\" \/>\n<meta name=\"twitter:label1\" content=\"Ansl. lesetid\" \/>\n\t<meta name=\"twitter:data1\" content=\"1 minutt\" \/>\n<script type=\"application\/ld+json\" class=\"yoast-schema-graph\">{\"@context\":\"https:\\\/\\\/schema.org\",\"@graph\":[{\"@type\":\"WebPage\",\"@id\":\"https:\\\/\\\/stellacare.dk\\\/isae-3000-revisionserklaering\\\/\",\"url\":\"https:\\\/\\\/stellacare.dk\\\/isae-3000-revisionserklaering\\\/\",\"name\":\"ISAE 3000 revisionserkl\u00e6ring | Frihed til at glemme\",\"isPartOf\":{\"@id\":\"https:\\\/\\\/stellacare.dk\\\/#website\"},\"datePublished\":\"2025-05-08T10:58:17+00:00\",\"dateModified\":\"2025-12-05T08:59:21+00:00\",\"description\":\"ISAE 3000 revisionserkl\u00e6ring Opdateret december 2025. L\u00e6s revisionserkl\u00e6ringen her\",\"breadcrumb\":{\"@id\":\"https:\\\/\\\/stellacare.dk\\\/isae-3000-revisionserklaering\\\/#breadcrumb\"},\"inLanguage\":\"nb-NO\",\"potentialAction\":[{\"@type\":\"ReadAction\",\"target\":[\"https:\\\/\\\/stellacare.dk\\\/isae-3000-revisionserklaering\\\/\"]}]},{\"@type\":\"BreadcrumbList\",\"@id\":\"https:\\\/\\\/stellacare.dk\\\/isae-3000-revisionserklaering\\\/#breadcrumb\",\"itemListElement\":[{\"@type\":\"ListItem\",\"position\":1,\"name\":\"Home\",\"item\":\"https:\\\/\\\/stellacare.dk\\\/\"},{\"@type\":\"ListItem\",\"position\":2,\"name\":\"ISAE 3000 revisionserkl\u00e6ring\"}]},{\"@type\":\"WebSite\",\"@id\":\"https:\\\/\\\/stellacare.dk\\\/#website\",\"url\":\"https:\\\/\\\/stellacare.dk\\\/\",\"name\":\"Stella Care\",\"description\":\"Frihed til at glemme\",\"publisher\":{\"@id\":\"https:\\\/\\\/stellacare.dk\\\/#organization\"},\"potentialAction\":[{\"@type\":\"SearchAction\",\"target\":{\"@type\":\"EntryPoint\",\"urlTemplate\":\"https:\\\/\\\/stellacare.dk\\\/?s={search_term_string}\"},\"query-input\":{\"@type\":\"PropertyValueSpecification\",\"valueRequired\":true,\"valueName\":\"search_term_string\"}}],\"inLanguage\":\"nb-NO\"},{\"@type\":\"Organization\",\"@id\":\"https:\\\/\\\/stellacare.dk\\\/#organization\",\"name\":\"Stella Care\",\"url\":\"https:\\\/\\\/stellacare.dk\\\/\",\"logo\":{\"@type\":\"ImageObject\",\"inLanguage\":\"nb-NO\",\"@id\":\"https:\\\/\\\/stellacare.dk\\\/#\\\/schema\\\/logo\\\/image\\\/\",\"url\":\"https:\\\/\\\/sandboxnew.stellacare.dk\\\/wp-content\\\/uploads\\\/2025\\\/05\\\/logo-rund.png\",\"contentUrl\":\"https:\\\/\\\/sandboxnew.stellacare.dk\\\/wp-content\\\/uploads\\\/2025\\\/05\\\/logo-rund.png\",\"width\":682,\"height\":682,\"caption\":\"Stella Care\"},\"image\":{\"@id\":\"https:\\\/\\\/stellacare.dk\\\/#\\\/schema\\\/logo\\\/image\\\/\"},\"sameAs\":[\"https:\\\/\\\/www.facebook.com\\\/stellacareApS\",\"https:\\\/\\\/www.linkedin.com\\\/company\\\/stella-care-aps\"]}]}<\/script>\n<!-- \/ Yoast SEO plugin. -->","yoast_head_json":{"title":"ISAE 3000 revisionserkl\u00e6ring | Frihed til at glemme","description":"ISAE 3000 revisionserkl\u00e6ring    Opdateret december 2025.             L\u00e6s revisionserkl\u00e6ringen her","robots":{"index":"index","follow":"follow","max-snippet":"max-snippet:-1","max-image-preview":"max-image-preview:large","max-video-preview":"max-video-preview:-1"},"canonical":"https:\/\/stellacare.dk\/no\/isae-3000-revisionserklaering\/","og_locale":"nb_NO","og_type":"article","og_title":"ISAE 3000 revisionserkl\u00e6ring | Frihed til at glemme","og_description":"ISAE 3000 revisionserkl\u00e6ring    Opdateret december 2025.             L\u00e6s revisionserkl\u00e6ringen her","og_url":"https:\/\/stellacare.dk\/no\/isae-3000-revisionserklaering\/","og_site_name":"Stella Care","article_publisher":"https:\/\/www.facebook.com\/stellacareApS","article_modified_time":"2025-12-05T08:59:21+00:00","og_image":[{"width":1200,"height":675,"url":"https:\/\/obj3124.public-dk6.clu4.obj.storagefactory.io\/cdn.stellacare.dk\/stellacare.dk\/2025\/06\/19125626\/OG-stella-care-default.jpg","type":"image\/webp"}],"twitter_card":"summary_large_image","twitter_misc":{"Ansl. lesetid":"1 minutt"},"schema":{"@context":"https:\/\/schema.org","@graph":[{"@type":"WebPage","@id":"https:\/\/stellacare.dk\/isae-3000-revisionserklaering\/","url":"https:\/\/stellacare.dk\/isae-3000-revisionserklaering\/","name":"ISAE 3000 revisionserkl\u00e6ring | Frihed til at glemme","isPartOf":{"@id":"https:\/\/stellacare.dk\/#website"},"datePublished":"2025-05-08T10:58:17+00:00","dateModified":"2025-12-05T08:59:21+00:00","description":"ISAE 3000 revisionserkl\u00e6ring Opdateret december 2025. L\u00e6s revisionserkl\u00e6ringen her","breadcrumb":{"@id":"https:\/\/stellacare.dk\/isae-3000-revisionserklaering\/#breadcrumb"},"inLanguage":"nb-NO","potentialAction":[{"@type":"ReadAction","target":["https:\/\/stellacare.dk\/isae-3000-revisionserklaering\/"]}]},{"@type":"BreadcrumbList","@id":"https:\/\/stellacare.dk\/isae-3000-revisionserklaering\/#breadcrumb","itemListElement":[{"@type":"ListItem","position":1,"name":"Home","item":"https:\/\/stellacare.dk\/"},{"@type":"ListItem","position":2,"name":"ISAE 3000 revisionserkl\u00e6ring"}]},{"@type":"WebSite","@id":"https:\/\/stellacare.dk\/#website","url":"https:\/\/stellacare.dk\/","name":"Stella Care","description":"Frihed til at glemme","publisher":{"@id":"https:\/\/stellacare.dk\/#organization"},"potentialAction":[{"@type":"SearchAction","target":{"@type":"EntryPoint","urlTemplate":"https:\/\/stellacare.dk\/?s={search_term_string}"},"query-input":{"@type":"PropertyValueSpecification","valueRequired":true,"valueName":"search_term_string"}}],"inLanguage":"nb-NO"},{"@type":"Organization","@id":"https:\/\/stellacare.dk\/#organization","name":"Stella Care","url":"https:\/\/stellacare.dk\/","logo":{"@type":"ImageObject","inLanguage":"nb-NO","@id":"https:\/\/stellacare.dk\/#\/schema\/logo\/image\/","url":"https:\/\/sandboxnew.stellacare.dk\/wp-content\/uploads\/2025\/05\/logo-rund.png","contentUrl":"https:\/\/sandboxnew.stellacare.dk\/wp-content\/uploads\/2025\/05\/logo-rund.png","width":682,"height":682,"caption":"Stella Care"},"image":{"@id":"https:\/\/stellacare.dk\/#\/schema\/logo\/image\/"},"sameAs":["https:\/\/www.facebook.com\/stellacareApS","https:\/\/www.linkedin.com\/company\/stella-care-aps"]}]}},"_links":{"self":[{"href":"https:\/\/stellacare.dk\/no\/wp-json\/wp\/v2\/pages\/247","targetHints":{"allow":["GET"]}}],"collection":[{"href":"https:\/\/stellacare.dk\/no\/wp-json\/wp\/v2\/pages"}],"about":[{"href":"https:\/\/stellacare.dk\/no\/wp-json\/wp\/v2\/types\/page"}],"author":[{"embeddable":true,"href":"https:\/\/stellacare.dk\/no\/wp-json\/wp\/v2\/users\/1"}],"replies":[{"embeddable":true,"href":"https:\/\/stellacare.dk\/no\/wp-json\/wp\/v2\/comments?post=247"}],"version-history":[{"count":34,"href":"https:\/\/stellacare.dk\/no\/wp-json\/wp\/v2\/pages\/247\/revisions"}],"predecessor-version":[{"id":2122,"href":"https:\/\/stellacare.dk\/no\/wp-json\/wp\/v2\/pages\/247\/revisions\/2122"}],"wp:attachment":[{"href":"https:\/\/stellacare.dk\/no\/wp-json\/wp\/v2\/media?parent=247"}],"curies":[{"name":"wp","href":"https:\/\/api.w.org\/{rel}","templated":true}]}}