{"id":242,"date":"2025-05-08T09:03:09","date_gmt":"2025-05-08T09:03:09","guid":{"rendered":"https:\/\/sandboxnew.stellacare.dk\/?page_id=242"},"modified":"2025-06-30T08:20:17","modified_gmt":"2025-06-30T08:20:17","slug":"baeredygtighed-og-csr","status":"publish","type":"page","link":"https:\/\/stellacare.dk\/se\/baeredygtighed-og-csr\/","title":{"rendered":"H\u00e5llbarhet och CSR"},"content":{"rendered":"<div data-elementor-type=\"wp-page\" data-elementor-id=\"242\" class=\"elementor elementor-242\" data-elementor-post-type=\"page\">\n\t\t\t\t<div class=\"elementor-element elementor-element-8ee5f40 e-flex e-con-boxed e-con e-parent\" data-id=\"8ee5f40\" data-element_type=\"container\" data-e-type=\"container\">\n\t\t\t\t\t<div class=\"e-con-inner\">\n\t\t\t\t<div class=\"elementor-element elementor-element-dd131cd elementor-widget elementor-widget-heading\" data-id=\"dd131cd\" data-element_type=\"widget\" data-e-type=\"widget\" data-widget_type=\"heading.default\">\n\t\t\t\t<div class=\"elementor-widget-container\">\n\t\t\t\t\t<h1 class=\"elementor-heading-title elementor-size-default\">H\u00e5llbarhet och CSR<\/h1>\t\t\t\t<\/div>\n\t\t\t\t<\/div>\n\t\t\t\t<div class=\"elementor-element elementor-element-9587f95 elementor-widget elementor-widget-text-editor\" data-id=\"9587f95\" data-element_type=\"widget\" data-e-type=\"widget\" data-widget_type=\"text-editor.default\">\n\t\t\t\t<div class=\"elementor-widget-container\">\n\t\t\t\t\t\t\t\t\t<p>P\u00e5 Stella Care ApS har vi ett starkt engagemang f\u00f6r att fr\u00e4mja h\u00e5llbarhet och Corporate Social Responsibility (CSR) i v\u00e5r verksamhet. Vi \u00e4r fast beslutna att ta v\u00e5rt ansvar f\u00f6r planeten, och detta \u00e5terspeglas i v\u00e5ra dagliga aktiviteter och beslut.<\/p><p>\u00a0<\/p><p><strong>\u00c5teranv\u00e4ndning av GPS-enheter och emballage: H\u00e5llbara metoder<\/strong><\/p><p>En viktig del av v\u00e5r h\u00e5llbarhetsstrategi \u00e4r \u00e5teranv\u00e4ndning. N\u00e4r v\u00e5ra GPS-enheter inte har varit i bruk under en l\u00e4ngre tid, och fortfarande fungerar, \u00e5teranv\u00e4nder vi dem. Det minskar elektroniskt avfall, sparar resurser och minimerar v\u00e5r totala milj\u00f6p\u00e5verkan.<\/p><p>Vi anv\u00e4nder \u00e4ven \u00e5tervunnet emballage och produktl\u00e5dor n\u00e4r det \u00e4r m\u00f6jligt \u2013 vilket minskar behovet av nytt material och bidrar till en mer h\u00e5llbar leveranskedja.<\/p><p>\u00a0<\/p><p><strong>Korrekt avfallshantering och h\u00e5llbarhet<\/strong><\/p><p>Vi tar aktivt ansvar f\u00f6r korrekt avfallshantering som en del av v\u00e5r CSR-strategi. Avfallet sorteras och hanteras enligt g\u00e4llande regler, vilket f\u00f6rhindrar att farligt avfall hamnar i naturen.<\/p><p>\u00a0<\/p><p><strong>Digital dokumentation som h\u00e5llbar praxis<\/strong><\/p><p>Vi arbetar kontinuerligt med att minska v\u00e5r pappersf\u00f6rbrukning. Genom digitala manualer och dokumentation ger vi v\u00e5ra kunder milj\u00f6v\u00e4nlig tillg\u00e5ng till information \u2013 vilket samtidigt st\u00e4rker v\u00e5ra h\u00e5llbarhetsm\u00e5l.<\/p><p>\u00a0<\/p><p><strong>V\u00e5rt engagemang f\u00f6r arbetsmilj\u00f6<\/strong><\/p><p>CSR hos Stella Care omfattar \u00e4ven socialt ansvar. Vi fr\u00e4mjar ett positivt arbetsklimat med respekt f\u00f6r m\u00e4nskliga r\u00e4ttigheter, j\u00e4mlikhet och icke-diskriminering.<\/p><p>Vi prioriterar s\u00e4kerhet och trivsel f\u00f6r v\u00e5ra medarbetare. V\u00e5r arbetsmilj\u00f6policy fokuserar p\u00e5 att skapa en trygg, h\u00e4lsosam och utvecklande arbetsplats \u2013 i enlighet med de h\u00f6gsta standarderna f\u00f6r arbetsmilj\u00f6 och g\u00e4llande lagstiftning.<\/p><p>V\u00e5rt h\u00e5llbarhetsarbete \u00e4r en integrerad del av Stella Cares f\u00f6retagskultur, och vi uppmuntrar v\u00e5ra kunder, partners och medarbetare att delta i v\u00e5r str\u00e4van mot en mer h\u00e5llbar framtid.<\/p>\t\t\t\t\t\t\t\t<\/div>\n\t\t\t\t<\/div>\n\t\t\t\t\t<\/div>\n\t\t\t\t<\/div>\n\t\t\t\t<\/div>","protected":false},"excerpt":{"rendered":"<p>B\u00e6redygtighed og CSR Hos Stella Care ApS har vi en st\u00e6rk forpligtelse til at fremme b\u00e6redygtighed og Corporate Social Responsibility (CSR) i vores forretningspraksis. Vi er fast besluttet p\u00e5 at g\u00f8re vores del for at bevare planeten, og det afspejler sig i vores daglige aktiviteter og beslutninger. \u00a0 Genanvendelse af GPS-enheder og Emballage: B\u00e6redygtige Praksisser [&hellip;]<\/p>\n","protected":false},"author":1,"featured_media":0,"parent":0,"menu_order":0,"comment_status":"closed","ping_status":"closed","template":"","meta":{"footnotes":""},"class_list":["post-242","page","type-page","status-publish","hentry"],"yoast_head":"<!-- This site is optimized with the Yoast SEO plugin v27.4 - https:\/\/yoast.com\/product\/yoast-seo-wordpress\/ -->\n<title>B\u00e6redygtighed og CSR | Frihed til at glemme<\/title>\n<meta name=\"description\" content=\"B\u00e6redygtighed og CSR Hos Stella Care ApS har vi en st\u00e6rk forpligtelse til at fremme b\u00e6redygtighed og Corporate Social Responsibility (CSR) i vores\" \/>\n<meta name=\"robots\" content=\"index, follow, max-snippet:-1, max-image-preview:large, max-video-preview:-1\" \/>\n<link rel=\"canonical\" href=\"https:\/\/stellacare.dk\/se\/baeredygtighed-og-csr\/\" \/>\n<meta property=\"og:locale\" content=\"sv_SE\" \/>\n<meta property=\"og:type\" content=\"article\" \/>\n<meta property=\"og:title\" content=\"B\u00e6redygtighed og CSR | Frihed til at glemme\" \/>\n<meta property=\"og:description\" content=\"B\u00e6redygtighed og CSR Hos Stella Care ApS har vi en st\u00e6rk forpligtelse til at fremme b\u00e6redygtighed og Corporate Social Responsibility (CSR) i vores\" \/>\n<meta property=\"og:url\" content=\"https:\/\/stellacare.dk\/se\/baeredygtighed-og-csr\/\" \/>\n<meta property=\"og:site_name\" content=\"Stella Care\" \/>\n<meta property=\"article:publisher\" content=\"https:\/\/www.facebook.com\/stellacareApS\" \/>\n<meta property=\"article:modified_time\" content=\"2025-06-30T08:20:17+00:00\" \/>\n<meta property=\"og:image\" content=\"https:\/\/obj3124.public-dk6.clu4.obj.storagefactory.io\/cdn.stellacare.dk\/stellacare.dk\/2025\/06\/19125626\/OG-stella-care-default.jpg\" \/>\n\t<meta property=\"og:image:width\" content=\"1200\" \/>\n\t<meta property=\"og:image:height\" content=\"675\" \/>\n\t<meta property=\"og:image:type\" content=\"image\/webp\" \/>\n<meta name=\"twitter:card\" content=\"summary_large_image\" \/>\n<meta name=\"twitter:label1\" content=\"Ber\u00e4knad l\u00e4stid\" \/>\n\t<meta name=\"twitter:data1\" content=\"2 minuter\" \/>\n<script type=\"application\/ld+json\" class=\"yoast-schema-graph\">{\"@context\":\"https:\\\/\\\/schema.org\",\"@graph\":[{\"@type\":\"WebPage\",\"@id\":\"https:\\\/\\\/stellacare.dk\\\/baeredygtighed-og-csr\\\/\",\"url\":\"https:\\\/\\\/stellacare.dk\\\/baeredygtighed-og-csr\\\/\",\"name\":\"B\u00e6redygtighed og CSR | Frihed til at glemme\",\"isPartOf\":{\"@id\":\"https:\\\/\\\/stellacare.dk\\\/#website\"},\"datePublished\":\"2025-05-08T09:03:09+00:00\",\"dateModified\":\"2025-06-30T08:20:17+00:00\",\"description\":\"B\u00e6redygtighed og CSR Hos Stella Care ApS har vi en st\u00e6rk forpligtelse til at fremme b\u00e6redygtighed og Corporate Social Responsibility (CSR) i vores\",\"breadcrumb\":{\"@id\":\"https:\\\/\\\/stellacare.dk\\\/baeredygtighed-og-csr\\\/#breadcrumb\"},\"inLanguage\":\"sv-SE\",\"potentialAction\":[{\"@type\":\"ReadAction\",\"target\":[\"https:\\\/\\\/stellacare.dk\\\/baeredygtighed-og-csr\\\/\"]}]},{\"@type\":\"BreadcrumbList\",\"@id\":\"https:\\\/\\\/stellacare.dk\\\/baeredygtighed-og-csr\\\/#breadcrumb\",\"itemListElement\":[{\"@type\":\"ListItem\",\"position\":1,\"name\":\"Home\",\"item\":\"https:\\\/\\\/stellacare.dk\\\/\"},{\"@type\":\"ListItem\",\"position\":2,\"name\":\"B\u00e6redygtighed og CSR\"}]},{\"@type\":\"WebSite\",\"@id\":\"https:\\\/\\\/stellacare.dk\\\/#website\",\"url\":\"https:\\\/\\\/stellacare.dk\\\/\",\"name\":\"Stella Care\",\"description\":\"Frihed til at glemme\",\"publisher\":{\"@id\":\"https:\\\/\\\/stellacare.dk\\\/#organization\"},\"potentialAction\":[{\"@type\":\"SearchAction\",\"target\":{\"@type\":\"EntryPoint\",\"urlTemplate\":\"https:\\\/\\\/stellacare.dk\\\/?s={search_term_string}\"},\"query-input\":{\"@type\":\"PropertyValueSpecification\",\"valueRequired\":true,\"valueName\":\"search_term_string\"}}],\"inLanguage\":\"sv-SE\"},{\"@type\":\"Organization\",\"@id\":\"https:\\\/\\\/stellacare.dk\\\/#organization\",\"name\":\"Stella Care\",\"url\":\"https:\\\/\\\/stellacare.dk\\\/\",\"logo\":{\"@type\":\"ImageObject\",\"inLanguage\":\"sv-SE\",\"@id\":\"https:\\\/\\\/stellacare.dk\\\/#\\\/schema\\\/logo\\\/image\\\/\",\"url\":\"https:\\\/\\\/sandboxnew.stellacare.dk\\\/wp-content\\\/uploads\\\/2025\\\/05\\\/logo-rund.png\",\"contentUrl\":\"https:\\\/\\\/sandboxnew.stellacare.dk\\\/wp-content\\\/uploads\\\/2025\\\/05\\\/logo-rund.png\",\"width\":682,\"height\":682,\"caption\":\"Stella Care\"},\"image\":{\"@id\":\"https:\\\/\\\/stellacare.dk\\\/#\\\/schema\\\/logo\\\/image\\\/\"},\"sameAs\":[\"https:\\\/\\\/www.facebook.com\\\/stellacareApS\",\"https:\\\/\\\/www.linkedin.com\\\/company\\\/stella-care-aps\"]}]}<\/script>\n<!-- \/ Yoast SEO plugin. -->","yoast_head_json":{"title":"B\u00e6redygtighed og CSR | Frihed til at glemme","description":"B\u00e6redygtighed og CSR Hos Stella Care ApS har vi en st\u00e6rk forpligtelse til at fremme b\u00e6redygtighed og Corporate Social Responsibility (CSR) i vores","robots":{"index":"index","follow":"follow","max-snippet":"max-snippet:-1","max-image-preview":"max-image-preview:large","max-video-preview":"max-video-preview:-1"},"canonical":"https:\/\/stellacare.dk\/se\/baeredygtighed-og-csr\/","og_locale":"sv_SE","og_type":"article","og_title":"B\u00e6redygtighed og CSR | Frihed til at glemme","og_description":"B\u00e6redygtighed og CSR Hos Stella Care ApS har vi en st\u00e6rk forpligtelse til at fremme b\u00e6redygtighed og Corporate Social Responsibility (CSR) i vores","og_url":"https:\/\/stellacare.dk\/se\/baeredygtighed-og-csr\/","og_site_name":"Stella Care","article_publisher":"https:\/\/www.facebook.com\/stellacareApS","article_modified_time":"2025-06-30T08:20:17+00:00","og_image":[{"width":1200,"height":675,"url":"https:\/\/obj3124.public-dk6.clu4.obj.storagefactory.io\/cdn.stellacare.dk\/stellacare.dk\/2025\/06\/19125626\/OG-stella-care-default.jpg","type":"image\/webp"}],"twitter_card":"summary_large_image","twitter_misc":{"Ber\u00e4knad l\u00e4stid":"2 minuter"},"schema":{"@context":"https:\/\/schema.org","@graph":[{"@type":"WebPage","@id":"https:\/\/stellacare.dk\/baeredygtighed-og-csr\/","url":"https:\/\/stellacare.dk\/baeredygtighed-og-csr\/","name":"B\u00e6redygtighed og CSR | Frihed til at glemme","isPartOf":{"@id":"https:\/\/stellacare.dk\/#website"},"datePublished":"2025-05-08T09:03:09+00:00","dateModified":"2025-06-30T08:20:17+00:00","description":"B\u00e6redygtighed og CSR Hos Stella Care ApS har vi en st\u00e6rk forpligtelse til at fremme b\u00e6redygtighed og Corporate Social Responsibility (CSR) i vores","breadcrumb":{"@id":"https:\/\/stellacare.dk\/baeredygtighed-og-csr\/#breadcrumb"},"inLanguage":"sv-SE","potentialAction":[{"@type":"ReadAction","target":["https:\/\/stellacare.dk\/baeredygtighed-og-csr\/"]}]},{"@type":"BreadcrumbList","@id":"https:\/\/stellacare.dk\/baeredygtighed-og-csr\/#breadcrumb","itemListElement":[{"@type":"ListItem","position":1,"name":"Home","item":"https:\/\/stellacare.dk\/"},{"@type":"ListItem","position":2,"name":"B\u00e6redygtighed og CSR"}]},{"@type":"WebSite","@id":"https:\/\/stellacare.dk\/#website","url":"https:\/\/stellacare.dk\/","name":"Stella Care","description":"Frihed til at glemme","publisher":{"@id":"https:\/\/stellacare.dk\/#organization"},"potentialAction":[{"@type":"SearchAction","target":{"@type":"EntryPoint","urlTemplate":"https:\/\/stellacare.dk\/?s={search_term_string}"},"query-input":{"@type":"PropertyValueSpecification","valueRequired":true,"valueName":"search_term_string"}}],"inLanguage":"sv-SE"},{"@type":"Organization","@id":"https:\/\/stellacare.dk\/#organization","name":"Stella Care","url":"https:\/\/stellacare.dk\/","logo":{"@type":"ImageObject","inLanguage":"sv-SE","@id":"https:\/\/stellacare.dk\/#\/schema\/logo\/image\/","url":"https:\/\/sandboxnew.stellacare.dk\/wp-content\/uploads\/2025\/05\/logo-rund.png","contentUrl":"https:\/\/sandboxnew.stellacare.dk\/wp-content\/uploads\/2025\/05\/logo-rund.png","width":682,"height":682,"caption":"Stella Care"},"image":{"@id":"https:\/\/stellacare.dk\/#\/schema\/logo\/image\/"},"sameAs":["https:\/\/www.facebook.com\/stellacareApS","https:\/\/www.linkedin.com\/company\/stella-care-aps"]}]}},"_links":{"self":[{"href":"https:\/\/stellacare.dk\/se\/wp-json\/wp\/v2\/pages\/242","targetHints":{"allow":["GET"]}}],"collection":[{"href":"https:\/\/stellacare.dk\/se\/wp-json\/wp\/v2\/pages"}],"about":[{"href":"https:\/\/stellacare.dk\/se\/wp-json\/wp\/v2\/types\/page"}],"author":[{"embeddable":true,"href":"https:\/\/stellacare.dk\/se\/wp-json\/wp\/v2\/users\/1"}],"replies":[{"embeddable":true,"href":"https:\/\/stellacare.dk\/se\/wp-json\/wp\/v2\/comments?post=242"}],"version-history":[{"count":19,"href":"https:\/\/stellacare.dk\/se\/wp-json\/wp\/v2\/pages\/242\/revisions"}],"predecessor-version":[{"id":1670,"href":"https:\/\/stellacare.dk\/se\/wp-json\/wp\/v2\/pages\/242\/revisions\/1670"}],"wp:attachment":[{"href":"https:\/\/stellacare.dk\/se\/wp-json\/wp\/v2\/media?parent=242"}],"curies":[{"name":"wp","href":"https:\/\/api.w.org\/{rel}","templated":true}]}}