{"id":259,"date":"2025-05-08T11:05:36","date_gmt":"2025-05-08T11:05:36","guid":{"rendered":"https:\/\/sandboxnew.stellacare.dk\/?page_id=259"},"modified":"2025-08-13T08:02:47","modified_gmt":"2025-08-13T08:02:47","slug":"gps-enheder-til-demens","status":"publish","type":"page","link":"https:\/\/stellacare.dk\/se\/gps-enheder-til-demens\/","title":{"rendered":"GPS-enheter"},"content":{"rendered":"<div data-elementor-type=\"wp-page\" data-elementor-id=\"259\" class=\"elementor elementor-259\" data-elementor-post-type=\"page\">\n\t\t\t\t<div class=\"elementor-element elementor-element-a4baed1 e-flex e-con-boxed e-con e-parent\" data-id=\"a4baed1\" data-element_type=\"container\" data-e-type=\"container\" data-settings=\"{&quot;background_background&quot;:&quot;gradient&quot;}\">\n\t\t\t\t\t<div class=\"e-con-inner\">\n\t\t\t\t<div class=\"elementor-element elementor-element-a238e57 elementor-widget__width-initial elementor-widget elementor-widget-heading\" data-id=\"a238e57\" data-element_type=\"widget\" data-e-type=\"widget\" data-widget_type=\"heading.default\">\n\t\t\t\t<div class=\"elementor-widget-container\">\n\t\t\t\t\t<h1 class=\"elementor-heading-title elementor-size-default\">Nova &amp; Liva<\/h1>\t\t\t\t<\/div>\n\t\t\t\t<\/div>\n\t\t\t\t<div class=\"elementor-element elementor-element-df14f09 elementor-widget__width-initial elementor-widget elementor-widget-heading\" data-id=\"df14f09\" data-element_type=\"widget\" data-e-type=\"widget\" data-widget_type=\"heading.default\">\n\t\t\t\t<div class=\"elementor-widget-container\">\n\t\t\t\t\t<h2 class=\"elementor-heading-title elementor-size-default\">F\u00f6r dig som vill ha allt \u2013 funktionalitet, design och maximal s\u00e4kerhet.<\/h2>\t\t\t\t<\/div>\n\t\t\t\t<\/div>\n\t\t<div class=\"elementor-element elementor-element-bc5e59d e-con-full e-flex e-con e-child\" data-id=\"bc5e59d\" data-element_type=\"container\" data-e-type=\"container\">\n\t\t\t\t<div class=\"elementor-element elementor-element-421f3d5 elementor-widget elementor-widget-button\" data-id=\"421f3d5\" data-element_type=\"widget\" data-e-type=\"widget\" data-widget_type=\"button.default\">\n\t\t\t\t<div class=\"elementor-widget-container\">\n\t\t\t\t\t\t\t\t\t<div class=\"elementor-button-wrapper\">\n\t\t\t\t\t<a class=\"elementor-button elementor-button-link elementor-size-sm\" href=\"https:\/\/stellacare.dk\/se\/?page_id=144\">\n\t\t\t\t\t\t<span class=\"elementor-button-content-wrapper\">\n\t\t\t\t\t\t\t\t\t<span class=\"elementor-button-text\">L\u00e4s mer om Nova<\/span>\n\t\t\t\t\t<\/span>\n\t\t\t\t\t<\/a>\n\t\t\t\t<\/div>\n\t\t\t\t\t\t\t\t<\/div>\n\t\t\t\t<\/div>\n\t\t\t\t<div class=\"elementor-element elementor-element-f1bf8ce elementor-widget elementor-widget-button\" data-id=\"f1bf8ce\" data-element_type=\"widget\" data-e-type=\"widget\" data-widget_type=\"button.default\">\n\t\t\t\t<div class=\"elementor-widget-container\">\n\t\t\t\t\t\t\t\t\t<div class=\"elementor-button-wrapper\">\n\t\t\t\t\t<a class=\"elementor-button elementor-button-link elementor-size-sm\" href=\"https:\/\/stellacare.dk\/se\/?page_id=144\">\n\t\t\t\t\t\t<span class=\"elementor-button-content-wrapper\">\n\t\t\t\t\t\t\t\t\t<span class=\"elementor-button-text\">L\u00e4s mer om Liva<\/span>\n\t\t\t\t\t<\/span>\n\t\t\t\t\t<\/a>\n\t\t\t\t<\/div>\n\t\t\t\t\t\t\t\t<\/div>\n\t\t\t\t<\/div>\n\t\t\t\t<\/div>\n\t\t<div class=\"elementor-element elementor-element-3d45f34 e-con-full e-flex e-con e-child\" data-id=\"3d45f34\" data-element_type=\"container\" data-e-type=\"container\">\n\t\t\t\t<div class=\"elementor-element elementor-element-55ab651 elementor-widget elementor-widget-image\" data-id=\"55ab651\" data-element_type=\"widget\" data-e-type=\"widget\" data-widget_type=\"image.default\">\n\t\t\t\t<div class=\"elementor-widget-container\">\n\t\t\t\t\t\t\t\t\t\t\t\t\t\t\t<img fetchpriority=\"high\" decoding=\"async\" width=\"800\" height=\"800\" src=\"https:\/\/obj3124.public-dk6.clu4.obj.storagefactory.io\/cdn.stellacare.dk\/stellacare.dk\/2025\/06\/19125601\/Nova-Liva-gps-enheder-stella-care-hjaelpemidler-personer-med-demens.png\" class=\"attachment-large size-large wp-image-1532\" alt=\"Nova-Liva-gps-enheder-stella-care-hjaelpemidler-personer-med-demens\" \/>\t\t\t\t\t\t\t\t\t\t\t\t\t\t\t<\/div>\n\t\t\t\t<\/div>\n\t\t\t\t<\/div>\n\t\t\t\t\t<\/div>\n\t\t\t\t<\/div>\n\t\t<div class=\"elementor-element elementor-element-dc2797c e-flex e-con-boxed e-con e-parent\" data-id=\"dc2797c\" data-element_type=\"container\" data-e-type=\"container\" data-settings=\"{&quot;background_background&quot;:&quot;classic&quot;}\">\n\t\t\t\t\t<div class=\"e-con-inner\">\n\t\t\t\t<div class=\"elementor-element elementor-element-1109748 elementor-widget elementor-widget-heading\" data-id=\"1109748\" data-element_type=\"widget\" data-e-type=\"widget\" data-widget_type=\"heading.default\">\n\t\t\t\t<div class=\"elementor-widget-container\">\n\t\t\t\t\t<h2 class=\"elementor-heading-title elementor-size-default\">Evi<\/h2>\t\t\t\t<\/div>\n\t\t\t\t<\/div>\n\t\t\t\t<div class=\"elementor-element elementor-element-b2e092f elementor-widget elementor-widget-heading\" data-id=\"b2e092f\" data-element_type=\"widget\" data-e-type=\"widget\" data-widget_type=\"heading.default\">\n\t\t\t\t<div class=\"elementor-widget-container\">\n\t\t\t\t\t<h2 class=\"elementor-heading-title elementor-size-default\">Alltid med. Aldrig i v\u00e4gen. <\/h2>\t\t\t\t<\/div>\n\t\t\t\t<\/div>\n\t\t<div class=\"elementor-element elementor-element-ff65d2b e-con-full e-flex e-con e-child\" data-id=\"ff65d2b\" data-element_type=\"container\" data-e-type=\"container\">\n\t\t\t\t<div class=\"elementor-element elementor-element-82fde44 elementor-widget elementor-widget-button\" data-id=\"82fde44\" data-element_type=\"widget\" data-e-type=\"widget\" data-widget_type=\"button.default\">\n\t\t\t\t<div class=\"elementor-widget-container\">\n\t\t\t\t\t\t\t\t\t<div class=\"elementor-button-wrapper\">\n\t\t\t\t\t<a class=\"elementor-button elementor-button-link elementor-size-sm\" href=\"https:\/\/stellacare.dk\/se\/?page_id=185\">\n\t\t\t\t\t\t<span class=\"elementor-button-content-wrapper\">\n\t\t\t\t\t\t\t\t\t<span class=\"elementor-button-text\">L\u00e4s mer<\/span>\n\t\t\t\t\t<\/span>\n\t\t\t\t\t<\/a>\n\t\t\t\t<\/div>\n\t\t\t\t\t\t\t\t<\/div>\n\t\t\t\t<\/div>\n\t\t\t\t<\/div>\n\t\t<div class=\"elementor-element elementor-element-b3fd0ad e-con-full e-flex e-con e-child\" data-id=\"b3fd0ad\" data-element_type=\"container\" data-e-type=\"container\">\n\t\t\t\t<div class=\"elementor-element elementor-element-7d013c9 elementor-widget elementor-widget-image\" data-id=\"7d013c9\" data-element_type=\"widget\" data-e-type=\"widget\" data-widget_type=\"image.default\">\n\t\t\t\t<div class=\"elementor-widget-container\">\n\t\t\t\t\t\t\t\t\t\t\t\t\t\t\t<img decoding=\"async\" width=\"800\" height=\"800\" src=\"https:\/\/obj3124.public-dk6.clu4.obj.storagefactory.io\/cdn.stellacare.dk\/stellacare.dk\/2025\/05\/19125534\/stella-care-gps-evi-enhed-tracker-teknologi-demens.webp\" class=\"attachment-large size-large wp-image-190\" alt=\"stella-care-gps-evi-enhed-tracker-teknologi-demens\" \/>\t\t\t\t\t\t\t\t\t\t\t\t\t\t\t<\/div>\n\t\t\t\t<\/div>\n\t\t\t\t<\/div>\n\t\t\t\t\t<\/div>\n\t\t\t\t<\/div>\n\t\t<div class=\"elementor-element elementor-element-505bf35 e-flex e-con-boxed e-con e-parent\" data-id=\"505bf35\" data-element_type=\"container\" data-e-type=\"container\" data-settings=\"{&quot;background_background&quot;:&quot;gradient&quot;}\">\n\t\t\t\t\t<div class=\"e-con-inner\">\n\t\t\t\t<div class=\"elementor-element elementor-element-59edf11 elementor-widget elementor-widget-heading\" data-id=\"59edf11\" data-element_type=\"widget\" data-e-type=\"widget\" data-widget_type=\"heading.default\">\n\t\t\t\t<div class=\"elementor-widget-container\">\n\t\t\t\t\t<h2 class=\"elementor-heading-title elementor-size-default\">Basic<\/h2>\t\t\t\t<\/div>\n\t\t\t\t<\/div>\n\t\t\t\t<div class=\"elementor-element elementor-element-d7a2d5b elementor-widget elementor-widget-heading\" data-id=\"d7a2d5b\" data-element_type=\"widget\" data-e-type=\"widget\" data-widget_type=\"heading.default\">\n\t\t\t\t<div class=\"elementor-widget-container\">\n\t\t\t\t\t<h2 class=\"elementor-heading-title elementor-size-default\">N\u00e4r trygghet ska vara enkelt.<\/h2>\t\t\t\t<\/div>\n\t\t\t\t<\/div>\n\t\t<div class=\"elementor-element elementor-element-ab05724 e-con-full e-flex e-con e-child\" data-id=\"ab05724\" data-element_type=\"container\" data-e-type=\"container\">\n\t\t\t\t<div class=\"elementor-element elementor-element-098516e elementor-widget elementor-widget-button\" data-id=\"098516e\" data-element_type=\"widget\" data-e-type=\"widget\" data-widget_type=\"button.default\">\n\t\t\t\t<div class=\"elementor-widget-container\">\n\t\t\t\t\t\t\t\t\t<div class=\"elementor-button-wrapper\">\n\t\t\t\t\t<a class=\"elementor-button elementor-button-link elementor-size-sm\" href=\"https:\/\/stellacare.dk\/se\/?page_id=198\">\n\t\t\t\t\t\t<span class=\"elementor-button-content-wrapper\">\n\t\t\t\t\t\t\t\t\t<span class=\"elementor-button-text\">L\u00e4s mer<\/span>\n\t\t\t\t\t<\/span>\n\t\t\t\t\t<\/a>\n\t\t\t\t<\/div>\n\t\t\t\t\t\t\t\t<\/div>\n\t\t\t\t<\/div>\n\t\t\t\t<\/div>\n\t\t<div class=\"elementor-element elementor-element-20a5f10 e-con-full e-flex e-con e-child\" data-id=\"20a5f10\" data-element_type=\"container\" data-e-type=\"container\">\n\t\t\t\t<div class=\"elementor-element elementor-element-880b5b4 elementor-widget elementor-widget-image\" data-id=\"880b5b4\" data-element_type=\"widget\" data-e-type=\"widget\" data-widget_type=\"image.default\">\n\t\t\t\t<div class=\"elementor-widget-container\">\n\t\t\t\t\t\t\t\t\t\t\t\t\t\t\t<img decoding=\"async\" width=\"800\" height=\"800\" src=\"https:\/\/obj3124.public-dk6.clu4.obj.storagefactory.io\/cdn.stellacare.dk\/stellacare.dk\/2025\/06\/19125601\/stella-care-gps-basic-enhed-tracker-teknologi-demens.png\" class=\"attachment-large size-large wp-image-1536\" alt=\"stella-care-gps-basic-enhed-tracker-teknologi-demens\" \/>\t\t\t\t\t\t\t\t\t\t\t\t\t\t\t<\/div>\n\t\t\t\t<\/div>\n\t\t\t\t<\/div>\n\t\t\t\t\t<\/div>\n\t\t\t\t<\/div>\n\t\t\t\t<\/div>","protected":false},"excerpt":{"rendered":"<p>Nova &amp; Liva Til dig, der vil have det hele \u2013 funktionalitet, design og maksimal sikkerhed. L\u00e6s mere om Nova L\u00e6s mere om Liva Evi Altid med. Aldrig i vejen. L\u00e6s mere Basic N\u00e5r tryghed skal v\u00e6re enkelt. L\u00e6s mere<\/p>","protected":false},"author":1,"featured_media":0,"parent":0,"menu_order":0,"comment_status":"closed","ping_status":"closed","template":"","meta":{"footnotes":""},"class_list":["post-259","page","type-page","status-publish","hentry"],"yoast_head":"<!-- This site is optimized with the Yoast SEO plugin v27.5 - https:\/\/yoast.com\/product\/yoast-seo-wordpress\/ -->\n<title>GPS-enheder til demens | Stella Care<\/title>\n<meta name=\"description\" content=\"Se vores udvalg af GPS-enheder til personer med demens. V\u00e6lg mellem fire brugervenlige l\u00f8sninger \u2013 alle udviklet til kommunal demenspleje.\" \/>\n<meta name=\"robots\" content=\"index, follow, max-snippet:-1, max-image-preview:large, max-video-preview:-1\" \/>\n<link rel=\"canonical\" href=\"https:\/\/stellacare.dk\/se\/gps-enheder-til-demens\/\" \/>\n<meta property=\"og:locale\" content=\"sv_SE\" \/>\n<meta property=\"og:type\" content=\"article\" \/>\n<meta property=\"og:title\" content=\"GPS-enheder til demens | Stella Care\" \/>\n<meta property=\"og:description\" content=\"Se vores udvalg af GPS-enheder til personer med demens. V\u00e6lg mellem fire brugervenlige l\u00f8sninger \u2013 alle udviklet til kommunal demenspleje.\" \/>\n<meta property=\"og:url\" content=\"https:\/\/stellacare.dk\/se\/gps-enheder-til-demens\/\" \/>\n<meta property=\"og:site_name\" content=\"Stella Care\" \/>\n<meta property=\"article:publisher\" content=\"https:\/\/www.facebook.com\/stellacareApS\" \/>\n<meta property=\"article:modified_time\" content=\"2025-08-13T08:02:47+00:00\" \/>\n<meta property=\"og:image\" content=\"https:\/\/obj3124.public-dk6.clu4.obj.storagefactory.io\/cdn.stellacare.dk\/stellacare.dk\/2025\/06\/19125601\/Nova-Liva-gps-enheder-stella-care-hjaelpemidler-personer-med-demens.png\" \/>\n\t<meta property=\"og:image:width\" content=\"1000\" \/>\n\t<meta property=\"og:image:height\" content=\"1000\" \/>\n\t<meta property=\"og:image:type\" content=\"image\/png\" \/>\n<meta name=\"twitter:card\" content=\"summary_large_image\" \/>\n<meta name=\"twitter:label1\" content=\"Ber\u00e4knad l\u00e4stid\" \/>\n\t<meta name=\"twitter:data1\" content=\"1 minut\" \/>\n<script type=\"application\/ld+json\" class=\"yoast-schema-graph\">{\"@context\":\"https:\\\/\\\/schema.org\",\"@graph\":[{\"@type\":\"WebPage\",\"@id\":\"https:\\\/\\\/stellacare.dk\\\/gps-enheder-til-demens\\\/\",\"url\":\"https:\\\/\\\/stellacare.dk\\\/gps-enheder-til-demens\\\/\",\"name\":\"GPS-enheder til demens | Stella Care\",\"isPartOf\":{\"@id\":\"https:\\\/\\\/stellacare.dk\\\/#website\"},\"primaryImageOfPage\":{\"@id\":\"https:\\\/\\\/stellacare.dk\\\/gps-enheder-til-demens\\\/#primaryimage\"},\"image\":{\"@id\":\"https:\\\/\\\/stellacare.dk\\\/gps-enheder-til-demens\\\/#primaryimage\"},\"thumbnailUrl\":\"https:\\\/\\\/obj3124.public-dk6.clu4.obj.storagefactory.io\\\/cdn.stellacare.dk\\\/stellacare.dk\\\/2025\\\/06\\\/19125601\\\/Nova-Liva-gps-enheder-stella-care-hjaelpemidler-personer-med-demens.png\",\"datePublished\":\"2025-05-08T11:05:36+00:00\",\"dateModified\":\"2025-08-13T08:02:47+00:00\",\"description\":\"Se vores udvalg af GPS-enheder til personer med demens. V\u00e6lg mellem fire brugervenlige l\u00f8sninger \u2013 alle udviklet til kommunal demenspleje.\",\"breadcrumb\":{\"@id\":\"https:\\\/\\\/stellacare.dk\\\/gps-enheder-til-demens\\\/#breadcrumb\"},\"inLanguage\":\"sv-SE\",\"potentialAction\":[{\"@type\":\"ReadAction\",\"target\":[\"https:\\\/\\\/stellacare.dk\\\/gps-enheder-til-demens\\\/\"]}]},{\"@type\":\"ImageObject\",\"inLanguage\":\"sv-SE\",\"@id\":\"https:\\\/\\\/stellacare.dk\\\/gps-enheder-til-demens\\\/#primaryimage\",\"url\":\"https:\\\/\\\/obj3124.public-dk6.clu4.obj.storagefactory.io\\\/cdn.stellacare.dk\\\/stellacare.dk\\\/2025\\\/06\\\/19125601\\\/Nova-Liva-gps-enheder-stella-care-hjaelpemidler-personer-med-demens.png\",\"contentUrl\":\"https:\\\/\\\/obj3124.public-dk6.clu4.obj.storagefactory.io\\\/cdn.stellacare.dk\\\/stellacare.dk\\\/2025\\\/06\\\/19125601\\\/Nova-Liva-gps-enheder-stella-care-hjaelpemidler-personer-med-demens.png\"},{\"@type\":\"BreadcrumbList\",\"@id\":\"https:\\\/\\\/stellacare.dk\\\/gps-enheder-til-demens\\\/#breadcrumb\",\"itemListElement\":[{\"@type\":\"ListItem\",\"position\":1,\"name\":\"Home\",\"item\":\"https:\\\/\\\/stellacare.dk\\\/\"},{\"@type\":\"ListItem\",\"position\":2,\"name\":\"GPS-enheder\"}]},{\"@type\":\"WebSite\",\"@id\":\"https:\\\/\\\/stellacare.dk\\\/#website\",\"url\":\"https:\\\/\\\/stellacare.dk\\\/\",\"name\":\"Stella Care\",\"description\":\"Frihed til at glemme\",\"publisher\":{\"@id\":\"https:\\\/\\\/stellacare.dk\\\/#organization\"},\"potentialAction\":[{\"@type\":\"SearchAction\",\"target\":{\"@type\":\"EntryPoint\",\"urlTemplate\":\"https:\\\/\\\/stellacare.dk\\\/?s={search_term_string}\"},\"query-input\":{\"@type\":\"PropertyValueSpecification\",\"valueRequired\":true,\"valueName\":\"search_term_string\"}}],\"inLanguage\":\"sv-SE\"},{\"@type\":\"Organization\",\"@id\":\"https:\\\/\\\/stellacare.dk\\\/#organization\",\"name\":\"Stella Care\",\"url\":\"https:\\\/\\\/stellacare.dk\\\/\",\"logo\":{\"@type\":\"ImageObject\",\"inLanguage\":\"sv-SE\",\"@id\":\"https:\\\/\\\/stellacare.dk\\\/#\\\/schema\\\/logo\\\/image\\\/\",\"url\":\"https:\\\/\\\/sandboxnew.stellacare.dk\\\/wp-content\\\/uploads\\\/2025\\\/05\\\/logo-rund.png\",\"contentUrl\":\"https:\\\/\\\/sandboxnew.stellacare.dk\\\/wp-content\\\/uploads\\\/2025\\\/05\\\/logo-rund.png\",\"width\":682,\"height\":682,\"caption\":\"Stella Care\"},\"image\":{\"@id\":\"https:\\\/\\\/stellacare.dk\\\/#\\\/schema\\\/logo\\\/image\\\/\"},\"sameAs\":[\"https:\\\/\\\/www.facebook.com\\\/stellacareApS\",\"https:\\\/\\\/www.linkedin.com\\\/company\\\/stella-care-aps\"]}]}<\/script>\n<!-- \/ Yoast SEO plugin. -->","yoast_head_json":{"title":"GPS-enheder til demens | Stella Care","description":"Se vores udvalg af GPS-enheder til personer med demens. V\u00e6lg mellem fire brugervenlige l\u00f8sninger \u2013 alle udviklet til kommunal demenspleje.","robots":{"index":"index","follow":"follow","max-snippet":"max-snippet:-1","max-image-preview":"max-image-preview:large","max-video-preview":"max-video-preview:-1"},"canonical":"https:\/\/stellacare.dk\/se\/gps-enheder-til-demens\/","og_locale":"sv_SE","og_type":"article","og_title":"GPS-enheder til demens | Stella Care","og_description":"Se vores udvalg af GPS-enheder til personer med demens. V\u00e6lg mellem fire brugervenlige l\u00f8sninger \u2013 alle udviklet til kommunal demenspleje.","og_url":"https:\/\/stellacare.dk\/se\/gps-enheder-til-demens\/","og_site_name":"Stella Care","article_publisher":"https:\/\/www.facebook.com\/stellacareApS","article_modified_time":"2025-08-13T08:02:47+00:00","og_image":[{"width":1000,"height":1000,"url":"https:\/\/obj3124.public-dk6.clu4.obj.storagefactory.io\/cdn.stellacare.dk\/stellacare.dk\/2025\/06\/19125601\/Nova-Liva-gps-enheder-stella-care-hjaelpemidler-personer-med-demens.png","type":"image\/png"}],"twitter_card":"summary_large_image","twitter_misc":{"Ber\u00e4knad l\u00e4stid":"1 minut"},"schema":{"@context":"https:\/\/schema.org","@graph":[{"@type":"WebPage","@id":"https:\/\/stellacare.dk\/gps-enheder-til-demens\/","url":"https:\/\/stellacare.dk\/gps-enheder-til-demens\/","name":"GPS-enheder til demens | Stella Care","isPartOf":{"@id":"https:\/\/stellacare.dk\/#website"},"primaryImageOfPage":{"@id":"https:\/\/stellacare.dk\/gps-enheder-til-demens\/#primaryimage"},"image":{"@id":"https:\/\/stellacare.dk\/gps-enheder-til-demens\/#primaryimage"},"thumbnailUrl":"https:\/\/obj3124.public-dk6.clu4.obj.storagefactory.io\/cdn.stellacare.dk\/stellacare.dk\/2025\/06\/19125601\/Nova-Liva-gps-enheder-stella-care-hjaelpemidler-personer-med-demens.png","datePublished":"2025-05-08T11:05:36+00:00","dateModified":"2025-08-13T08:02:47+00:00","description":"Se vores udvalg af GPS-enheder til personer med demens. V\u00e6lg mellem fire brugervenlige l\u00f8sninger \u2013 alle udviklet til kommunal demenspleje.","breadcrumb":{"@id":"https:\/\/stellacare.dk\/gps-enheder-til-demens\/#breadcrumb"},"inLanguage":"sv-SE","potentialAction":[{"@type":"ReadAction","target":["https:\/\/stellacare.dk\/gps-enheder-til-demens\/"]}]},{"@type":"ImageObject","inLanguage":"sv-SE","@id":"https:\/\/stellacare.dk\/gps-enheder-til-demens\/#primaryimage","url":"https:\/\/obj3124.public-dk6.clu4.obj.storagefactory.io\/cdn.stellacare.dk\/stellacare.dk\/2025\/06\/19125601\/Nova-Liva-gps-enheder-stella-care-hjaelpemidler-personer-med-demens.png","contentUrl":"https:\/\/obj3124.public-dk6.clu4.obj.storagefactory.io\/cdn.stellacare.dk\/stellacare.dk\/2025\/06\/19125601\/Nova-Liva-gps-enheder-stella-care-hjaelpemidler-personer-med-demens.png"},{"@type":"BreadcrumbList","@id":"https:\/\/stellacare.dk\/gps-enheder-til-demens\/#breadcrumb","itemListElement":[{"@type":"ListItem","position":1,"name":"Home","item":"https:\/\/stellacare.dk\/"},{"@type":"ListItem","position":2,"name":"GPS-enheder"}]},{"@type":"WebSite","@id":"https:\/\/stellacare.dk\/#website","url":"https:\/\/stellacare.dk\/","name":"Stella Care","description":"Frihed til at glemme","publisher":{"@id":"https:\/\/stellacare.dk\/#organization"},"potentialAction":[{"@type":"SearchAction","target":{"@type":"EntryPoint","urlTemplate":"https:\/\/stellacare.dk\/?s={search_term_string}"},"query-input":{"@type":"PropertyValueSpecification","valueRequired":true,"valueName":"search_term_string"}}],"inLanguage":"sv-SE"},{"@type":"Organization","@id":"https:\/\/stellacare.dk\/#organization","name":"Stella Care","url":"https:\/\/stellacare.dk\/","logo":{"@type":"ImageObject","inLanguage":"sv-SE","@id":"https:\/\/stellacare.dk\/#\/schema\/logo\/image\/","url":"https:\/\/sandboxnew.stellacare.dk\/wp-content\/uploads\/2025\/05\/logo-rund.png","contentUrl":"https:\/\/sandboxnew.stellacare.dk\/wp-content\/uploads\/2025\/05\/logo-rund.png","width":682,"height":682,"caption":"Stella Care"},"image":{"@id":"https:\/\/stellacare.dk\/#\/schema\/logo\/image\/"},"sameAs":["https:\/\/www.facebook.com\/stellacareApS","https:\/\/www.linkedin.com\/company\/stella-care-aps"]}]}},"_links":{"self":[{"href":"https:\/\/stellacare.dk\/se\/wp-json\/wp\/v2\/pages\/259","targetHints":{"allow":["GET"]}}],"collection":[{"href":"https:\/\/stellacare.dk\/se\/wp-json\/wp\/v2\/pages"}],"about":[{"href":"https:\/\/stellacare.dk\/se\/wp-json\/wp\/v2\/types\/page"}],"author":[{"embeddable":true,"href":"https:\/\/stellacare.dk\/se\/wp-json\/wp\/v2\/users\/1"}],"replies":[{"embeddable":true,"href":"https:\/\/stellacare.dk\/se\/wp-json\/wp\/v2\/comments?post=259"}],"version-history":[{"count":73,"href":"https:\/\/stellacare.dk\/se\/wp-json\/wp\/v2\/pages\/259\/revisions"}],"predecessor-version":[{"id":1869,"href":"https:\/\/stellacare.dk\/se\/wp-json\/wp\/v2\/pages\/259\/revisions\/1869"}],"wp:attachment":[{"href":"https:\/\/stellacare.dk\/se\/wp-json\/wp\/v2\/media?parent=259"}],"curies":[{"name":"wp","href":"https:\/\/api.w.org\/{rel}","templated":true}]}}